{"id":1896,"date":"2025-05-07T21:05:16","date_gmt":"2025-05-07T15:35:16","guid":{"rendered":"https:\/\/saideeponline.com\/product\/motor-vibrador-motovibrador\/"},"modified":"2025-05-07T21:05:16","modified_gmt":"2025-05-07T15:35:16","slug":"motor-vibrador-motovibrador","status":"publish","type":"product","link":"https:\/\/saideeponline.com\/es\/product\/motor-vibrador-motovibrador\/","title":{"rendered":"Motor Vibrador (Motovibrador)"},"content":{"rendered":"<p>Como fabricante l\u00edder de Vibradores El\u00e9ctricos Externos, nuestros productos son ideales para su uso como promotores de flujo, as\u00ed como en cribas vibratorias (cribas escurridoras \/ cribas en seco \/ cribas de alta frecuencia), alimentadores grizzly, alimentadores vibratorios de bandeja, m\u00e1quinas desmoldadoras vibratorias, cargadores vibratorios para hornos, mesas vibratorias, elevadores vibratorios en espiral, entre otros. Los motores vibradores (o motovibradores) act\u00faan como accionamientos confiables en maquinaria vibratoria para el transporte, cribado, clasificaci\u00f3n y compactaci\u00f3n en una amplia variedad de industrias. <\/p>\n<p>Nuestros motovibradores se exportan a pa\u00edses como:<br \/>Corea del Sur, <br \/>Emiratos \u00c1rabes Unidos,<br \/>Rusia,<br \/>Turqu\u00eda, <br \/>Argentina,<br \/>Sud\u00e1frica,<br \/>Ir\u00e1n,<br \/>Israel,<br \/>But\u00e1n,<br \/>Chile,<br \/>Colombia,<br \/>Guyana y muchos m\u00e1s.<\/p>\n","protected":false},"excerpt":{"rendered":"<p>Saideep Vibrators Pvt. Ltd. presenta su l\u00ednea premium de Motores Vibradores Desbalanceados, que van desde 0.04 kW hasta 10 kW, con una fuerza centr\u00edfuga de hasta 130,000 N. Estos robustos vibradores el\u00e9ctricos industriales se fabrican en dise\u00f1os de 2, 4, 6 y 8 polos. Cumpliendo con los m\u00e1s altos est\u00e1ndares internacionales, nuestros motovibradores (Serie Est\u00e1ndar y Serie de Molienda) cuentan con certificaci\u00f3n CE, aprobaci\u00f3n ATEX y se exportan a nivel mundial. <\/p>\n","protected":false},"featured_media":846,"template":"","meta":{"_acf_changed":false,"_uag_custom_page_level_css":"","site-sidebar-layout":"default","site-content-layout":"","ast-site-content-layout":"default","site-content-style":"default","site-sidebar-style":"default","ast-global-header-display":"","ast-banner-title-visibility":"","ast-main-header-display":"","ast-hfb-above-header-display":"","ast-hfb-below-header-display":"","ast-hfb-mobile-header-display":"","site-post-title":"","ast-breadcrumbs-content":"","ast-featured-img":"","footer-sml-layout":"","ast-disable-related-posts":"","theme-transparent-header-meta":"default","adv-header-id-meta":"","stick-header-meta":"","header-above-stick-meta":"","header-main-stick-meta":"","header-below-stick-meta":"","astra-migrate-meta-layouts":"default","ast-page-background-enabled":"default","ast-page-background-meta":{"desktop":{"background-color":"var(--ast-global-color-5)","background-image":"","background-repeat":"repeat","background-position":"center center","background-size":"auto","background-attachment":"scroll","background-type":"","background-media":"","overlay-type":"","overlay-color":"","overlay-opacity":"","overlay-gradient":""},"tablet":{"background-color":"","background-image":"","background-repeat":"repeat","background-position":"center center","background-size":"auto","background-attachment":"scroll","background-type":"","background-media":"","overlay-type":"","overlay-color":"","overlay-opacity":"","overlay-gradient":""},"mobile":{"background-color":"","background-image":"","background-repeat":"repeat","background-position":"center center","background-size":"auto","background-attachment":"scroll","background-type":"","background-media":"","overlay-type":"","overlay-color":"","overlay-opacity":"","overlay-gradient":""}},"ast-content-background-meta":{"desktop":{"background-color":"var(--ast-global-color-4)","background-image":"","background-repeat":"repeat","background-position":"center center","background-size":"auto","background-attachment":"scroll","background-type":"","background-media":"","overlay-type":"","overlay-color":"","overlay-opacity":"","overlay-gradient":""},"tablet":{"background-color":"var(--ast-global-color-4)","background-image":"","background-repeat":"repeat","background-position":"center center","background-size":"auto","background-attachment":"scroll","background-type":"","background-media":"","overlay-type":"","overlay-color":"","overlay-opacity":"","overlay-gradient":""},"mobile":{"background-color":"var(--ast-global-color-4)","background-image":"","background-repeat":"repeat","background-position":"center center","background-size":"auto","background-attachment":"scroll","background-type":"","background-media":"","overlay-type":"","overlay-color":"","overlay-opacity":"","overlay-gradient":""}}},"product_brand":[],"product_cat":[580],"product_tag":[660,661,663,662,670,631,658,659,664,665,666,667,668,669,671,672],"class_list":{"0":"post-1896","1":"product","2":"type-product","3":"status-publish","4":"has-post-thumbnail","6":"product_cat-equipos-vibratorios","7":"product_tag-motor-getar","8":"product_tag-motor-vibrador","9":"product_tag-motor-vibrador-desbalanceado","10":"product_tag-motore-del-vibratore","11":"product_tag-motovibrador","12":"product_tag-vibrador-de-encofrado","13":"product_tag-vibrador-electrico-externo","14":"product_tag-vibrador-industrial","15":"product_tag-vibrating-motor","16":"product_tag-vibration-motor","17":"product_tag-vibrator-motor","18":"product_tag-vibrator-motoru","19":"product_tag-vibrator-motricium","20":"product_tag-vibratory-motor","21":"product_tag-671","22":"product_tag-672","23":"desktop-align-left","24":"tablet-align-left","25":"mobile-align-left","27":"first","28":"instock","29":"shipping-taxable","30":"product-type-simple"},"acf":[],"uagb_featured_image_src":{"full":["https:\/\/saideeponline.com\/wp-content\/uploads\/2025\/08\/vibrator_motor-scaled.webp",2560,2560,false],"thumbnail":["https:\/\/saideeponline.com\/wp-content\/uploads\/2025\/08\/vibrator_motor-150x150.webp",150,150,true],"medium":["https:\/\/saideeponline.com\/wp-content\/uploads\/2025\/08\/vibrator_motor-300x300.webp",300,300,true],"medium_large":["https:\/\/saideeponline.com\/wp-content\/uploads\/2025\/08\/vibrator_motor-768x768.webp",768,768,true],"large":["https:\/\/saideeponline.com\/wp-content\/uploads\/2025\/08\/vibrator_motor-1024x1024.webp",1024,1024,true],"1536x1536":["https:\/\/saideeponline.com\/wp-content\/uploads\/2025\/08\/vibrator_motor-1536x1536.webp",1536,1536,true],"2048x2048":["https:\/\/saideeponline.com\/wp-content\/uploads\/2025\/08\/vibrator_motor-2048x2048.webp",2048,2048,true],"woocommerce_thumbnail":["https:\/\/saideeponline.com\/wp-content\/uploads\/2025\/08\/vibrator_motor-scaled-250x250.webp",250,250,true],"woocommerce_single":["https:\/\/saideeponline.com\/wp-content\/uploads\/2025\/08\/vibrator_motor-scaled-250x250.webp",250,250,true],"woocommerce_gallery_thumbnail":["https:\/\/saideeponline.com\/wp-content\/uploads\/2025\/08\/vibrator_motor-scaled-100x100.webp",100,100,true]},"uagb_author_info":{"display_name":"lucentcg@gmail.com","author_link":"https:\/\/saideeponline.com\/es\/author\/"},"uagb_comment_info":0,"uagb_excerpt":"Saideep Vibrators Pvt. Ltd. presenta su l\u00ednea premium de Motores Vibradores Desbalanceados, que van desde 0.04 kW hasta 10 kW, con una fuerza centr\u00edfuga de hasta 130,000 N. Estos robustos vibradores el\u00e9ctricos industriales se fabrican en dise\u00f1os de 2, 4, 6 y 8 polos. Cumpliendo con los m\u00e1s altos est\u00e1ndares internacionales, nuestros motovibradores (Serie Est\u00e1ndar&hellip;","_links":{"self":[{"href":"https:\/\/saideeponline.com\/es\/wp-json\/wp\/v2\/product\/1896","targetHints":{"allow":["GET"]}}],"collection":[{"href":"https:\/\/saideeponline.com\/es\/wp-json\/wp\/v2\/product"}],"about":[{"href":"https:\/\/saideeponline.com\/es\/wp-json\/wp\/v2\/types\/product"}],"wp:featuredmedia":[{"embeddable":true,"href":"https:\/\/saideeponline.com\/es\/wp-json\/wp\/v2\/media\/846"}],"wp:attachment":[{"href":"https:\/\/saideeponline.com\/es\/wp-json\/wp\/v2\/media?parent=1896"}],"wp:term":[{"taxonomy":"product_brand","embeddable":true,"href":"https:\/\/saideeponline.com\/es\/wp-json\/wp\/v2\/product_brand?post=1896"},{"taxonomy":"product_cat","embeddable":true,"href":"https:\/\/saideeponline.com\/es\/wp-json\/wp\/v2\/product_cat?post=1896"},{"taxonomy":"product_tag","embeddable":true,"href":"https:\/\/saideeponline.com\/es\/wp-json\/wp\/v2\/product_tag?post=1896"}],"curies":[{"name":"wp","href":"https:\/\/api.w.org\/{rel}","templated":true}]}}