{"id":1889,"date":"2025-05-07T20:50:58","date_gmt":"2025-05-07T15:20:58","guid":{"rendered":"https:\/\/saideeponline.com\/product\/criba-vibratoria-circular\/"},"modified":"2025-05-07T20:50:58","modified_gmt":"2025-05-07T15:20:58","slug":"criba-vibratoria-circular","status":"publish","type":"product","link":"https:\/\/saideeponline.com\/es\/product\/criba-vibratoria-circular\/","title":{"rendered":"Criba Vibratoria Circular"},"content":{"rendered":"<p><iframe loading=\"lazy\" title=\"Reproductor de video de YouTube\" src=\"https:\/\/www.youtube-nocookie.com\/embed\/PYF4BeIwE04?si=fisCyXx11mopakos\" width=\"560\" height=\"315\" frameborder=\"0\" allowfullscreen=\"allowfullscreen\"><\/iframe><\/p>\n<h3>Benefits<\/h3>\n<p class=\"calibri\">Los beneficios del <strong>Separador por Criba Vibratoria<\/strong> son los siguientes:<\/p>\n<ul>\n<li class=\"calibri\">Bajo consumo de energ\u00eda.<\/li>\n<li class=\"calibri\">Amplia gama de aplicaciones.<\/li>\n<li class=\"calibri\">Alta tasa de procesamiento por unidad de \u00e1rea de cribado.<\/li>\n<li class=\"calibri\">Separaci\u00f3n precisa.<\/li>\n<li class=\"calibri\">Acumulaci\u00f3n (cegamiento) m\u00ednima en la malla.<\/li>\n<li class=\"calibri\">Bandeja con bolas o aros de PVC como sistema antibloqueo.<\/li>\n<li class=\"calibri\">Dise\u00f1o modular para obtener m\u00faltiples fracciones predeterminadas de tama\u00f1o.<\/li>\n<li class=\"calibri\">Posibilidad de procesamiento libre de polvo y sin ruido mediante un circuito cerrado.<\/li>\n<\/ul>\n<h3>Principio de Funcionamiento<\/h3>\n<p class=\"calibri\">El impulso se genera a trav\u00e9s de un motor desbalanceado con un eje de doble extensi\u00f3n, equipado en ambos extremos con contrapesos exc\u00e9ntricos. El contrapeso superior en el eje del motor gira en un plano cercano al centro de masa del ensamblaje. La rotaci\u00f3n de este contrapeso superior crea una vibraci\u00f3n en el plano horizontal, lo que hace que el material se desplace sobre la malla hacia la periferia, aumentando el recorrido horizontal y provocando que el material de rechazo (tama\u00f1o excedente) se descargue a un ritmo m\u00e1s r\u00e1pido.<\/p>\n<p class=\"calibri\">El contrapeso exc\u00e9ntrico inferior gira por debajo del centro de masa, creando una inclinaci\u00f3n en la criba que genera vibraci\u00f3n en los planos vertical y tangencial. Al aumentar la componente vertical del movimiento, se promueve la rotaci\u00f3n y el volteo del material sobre la superficie de la malla, ayudando a que la m\u00e1xima cantidad de material fino (pasante) atraviese la criba. Unos robustos resortes colocados sobre la base circular del motor amplifican esta vibraci\u00f3n.  <\/p>\n","protected":false},"excerpt":{"rendered":"<p>La Criba Vibratoria (Vibro Screen) tambi\u00e9n es conocida como Criba Giratoria, Tamiz Vibratorio, Separador Circular, Zaranda Vibratoria, etc.<\/p>\n<p>El Separador Clasificador SAIDEEP es un equipo \u00fanico de clasificaci\u00f3n granulom\u00e9trica, dise\u00f1ado para ofrecer una mayor capacidad por metro cuadrado de \u00e1rea de cribado y una descarga eficiente del material de rechazo, con un porcentaje de finos retenidos mucho menor en comparaci\u00f3n con otras m\u00e1quinas del mercado.<br \/>\nNuestra empresa se destaca en la fabricaci\u00f3n y suministro de una amplia variedad de cribas separadoras para diversas industrias a nivel nacional e internacional. Ofrecemos cribas separadoras horizontales y circulares equipadas con m\u00faltiples caracter\u00edsticas especiales. Nuestros equipos son reconocidos por su alto rendimiento, dise\u00f1os innovadores y precios competitivos, lo que los hace extremadamente populares entre nuestros clientes.  <\/p>\n","protected":false},"featured_media":841,"template":"","meta":{"_acf_changed":false,"_uag_custom_page_level_css":"","site-sidebar-layout":"default","site-content-layout":"","ast-site-content-layout":"default","site-content-style":"default","site-sidebar-style":"default","ast-global-header-display":"","ast-banner-title-visibility":"","ast-main-header-display":"","ast-hfb-above-header-display":"","ast-hfb-below-header-display":"","ast-hfb-mobile-header-display":"","site-post-title":"","ast-breadcrumbs-content":"","ast-featured-img":"","footer-sml-layout":"","ast-disable-related-posts":"","theme-transparent-header-meta":"default","adv-header-id-meta":"","stick-header-meta":"","header-above-stick-meta":"","header-main-stick-meta":"","header-below-stick-meta":"","astra-migrate-meta-layouts":"default","ast-page-background-enabled":"default","ast-page-background-meta":{"desktop":{"background-color":"var(--ast-global-color-5)","background-image":"","background-repeat":"repeat","background-position":"center center","background-size":"auto","background-attachment":"scroll","background-type":"","background-media":"","overlay-type":"","overlay-color":"","overlay-opacity":"","overlay-gradient":""},"tablet":{"background-color":"","background-image":"","background-repeat":"repeat","background-position":"center center","background-size":"auto","background-attachment":"scroll","background-type":"","background-media":"","overlay-type":"","overlay-color":"","overlay-opacity":"","overlay-gradient":""},"mobile":{"background-color":"","background-image":"","background-repeat":"repeat","background-position":"center center","background-size":"auto","background-attachment":"scroll","background-type":"","background-media":"","overlay-type":"","overlay-color":"","overlay-opacity":"","overlay-gradient":""}},"ast-content-background-meta":{"desktop":{"background-color":"var(--ast-global-color-4)","background-image":"","background-repeat":"repeat","background-position":"center center","background-size":"auto","background-attachment":"scroll","background-type":"","background-media":"","overlay-type":"","overlay-color":"","overlay-opacity":"","overlay-gradient":""},"tablet":{"background-color":"var(--ast-global-color-4)","background-image":"","background-repeat":"repeat","background-position":"center center","background-size":"auto","background-attachment":"scroll","background-type":"","background-media":"","overlay-type":"","overlay-color":"","overlay-opacity":"","overlay-gradient":""},"mobile":{"background-color":"var(--ast-global-color-4)","background-image":"","background-repeat":"repeat","background-position":"center center","background-size":"auto","background-attachment":"scroll","background-type":"","background-media":"","overlay-type":"","overlay-color":"","overlay-opacity":"","overlay-gradient":""}}},"product_brand":[],"product_cat":[580],"product_tag":[654,655,600,657,599,656],"class_list":{"0":"post-1889","1":"product","2":"type-product","3":"status-publish","4":"has-post-thumbnail","6":"product_cat-equipos-vibratorios","7":"product_tag-criba-giratoria","8":"product_tag-criba-vibratoria","9":"product_tag-separador-vibratorio","10":"product_tag-tamiz-vibratorio","11":"product_tag-zaranda-vibratoria","12":"product_tag-zaranda-vibratoria-2","13":"desktop-align-left","14":"tablet-align-left","15":"mobile-align-left","17":"first","18":"instock","19":"shipping-taxable","20":"product-type-simple"},"acf":[],"uagb_featured_image_src":{"full":["https:\/\/saideeponline.com\/wp-content\/uploads\/2025\/08\/circular_vibro_screens-scaled.webp",2560,2560,false],"thumbnail":["https:\/\/saideeponline.com\/wp-content\/uploads\/2025\/08\/circular_vibro_screens-150x150.webp",150,150,true],"medium":["https:\/\/saideeponline.com\/wp-content\/uploads\/2025\/08\/circular_vibro_screens-300x300.webp",300,300,true],"medium_large":["https:\/\/saideeponline.com\/wp-content\/uploads\/2025\/08\/circular_vibro_screens-768x768.webp",768,768,true],"large":["https:\/\/saideeponline.com\/wp-content\/uploads\/2025\/08\/circular_vibro_screens-1024x1024.webp",1024,1024,true],"1536x1536":["https:\/\/saideeponline.com\/wp-content\/uploads\/2025\/08\/circular_vibro_screens-1536x1536.webp",1536,1536,true],"2048x2048":["https:\/\/saideeponline.com\/wp-content\/uploads\/2025\/08\/circular_vibro_screens-2048x2048.webp",2048,2048,true],"woocommerce_thumbnail":["https:\/\/saideeponline.com\/wp-content\/uploads\/2025\/08\/circular_vibro_screens-scaled-250x250.webp",250,250,true],"woocommerce_single":["https:\/\/saideeponline.com\/wp-content\/uploads\/2025\/08\/circular_vibro_screens-scaled-250x250.webp",250,250,true],"woocommerce_gallery_thumbnail":["https:\/\/saideeponline.com\/wp-content\/uploads\/2025\/08\/circular_vibro_screens-scaled-100x100.webp",100,100,true]},"uagb_author_info":{"display_name":"lucentcg@gmail.com","author_link":"https:\/\/saideeponline.com\/es\/author\/"},"uagb_comment_info":0,"uagb_excerpt":"La Criba Vibratoria (Vibro Screen) tambi\u00e9n es conocida como Criba Giratoria, Tamiz Vibratorio, Separador Circular, Zaranda Vibratoria, etc. El Separador Clasificador SAIDEEP es un equipo \u00fanico de clasificaci\u00f3n granulom\u00e9trica, dise\u00f1ado para ofrecer una mayor capacidad por metro cuadrado de \u00e1rea de cribado y una descarga eficiente del material de rechazo, con un porcentaje de finos&hellip;","_links":{"self":[{"href":"https:\/\/saideeponline.com\/es\/wp-json\/wp\/v2\/product\/1889","targetHints":{"allow":["GET"]}}],"collection":[{"href":"https:\/\/saideeponline.com\/es\/wp-json\/wp\/v2\/product"}],"about":[{"href":"https:\/\/saideeponline.com\/es\/wp-json\/wp\/v2\/types\/product"}],"wp:featuredmedia":[{"embeddable":true,"href":"https:\/\/saideeponline.com\/es\/wp-json\/wp\/v2\/media\/841"}],"wp:attachment":[{"href":"https:\/\/saideeponline.com\/es\/wp-json\/wp\/v2\/media?parent=1889"}],"wp:term":[{"taxonomy":"product_brand","embeddable":true,"href":"https:\/\/saideeponline.com\/es\/wp-json\/wp\/v2\/product_brand?post=1889"},{"taxonomy":"product_cat","embeddable":true,"href":"https:\/\/saideeponline.com\/es\/wp-json\/wp\/v2\/product_cat?post=1889"},{"taxonomy":"product_tag","embeddable":true,"href":"https:\/\/saideeponline.com\/es\/wp-json\/wp\/v2\/product_tag?post=1889"}],"curies":[{"name":"wp","href":"https:\/\/api.w.org\/{rel}","templated":true}]}}