{"id":1885,"date":"2025-05-07T21:51:50","date_gmt":"2025-05-07T16:21:50","guid":{"rendered":"https:\/\/saideeponline.com\/product\/separador-magnetico-de-tambor\/"},"modified":"2025-05-07T21:51:50","modified_gmt":"2025-05-07T16:21:50","slug":"separador-magnetico-de-tambor","status":"publish","type":"product","link":"https:\/\/saideeponline.com\/es\/product\/separador-magnetico-de-tambor\/","title":{"rendered":"Separador Magn\u00e9tico de Tambor"},"content":{"rendered":"<p><iframe loading=\"lazy\" title=\"Reproductor de video de YouTube\" src=\"https:\/\/www.youtube-nocookie.com\/embed\/p7CuhqjAnZo?si=PJsIIHKVY1bo0tbI\" width=\"560\" height=\"315\" frameborder=\"0\" allowfullscreen=\"allowfullscreen\"><\/iframe><\/p>\n<p>Los separadores magn\u00e9ticos de tambor proporcionan un m\u00e9todo eficiente para extraer material ferroso de productos secos a granel en sistemas de procesamiento de flujo libre. Est\u00e1n compuestos por un im\u00e1n permanente estacionario, que puede ser de Ferrita est\u00e1ndar o de Tierras Raras de Alta Potencia, encerrado en un tambor de acero inoxidable amagn\u00e9tico. El flujo de producto se dirige para que caiga sobre la parte superior y fluya por la superficie del tambor. La materia ferrosa contenida en el producto es atra\u00edda hacia la superficie del tambor (y retenida contra ella) por el potente im\u00e1n alojado en su interior.   <\/p>\n<p>Mientras que los productos no ferrosos caen por el lado del tambor de forma natural, el metal ferroso se adhiere a su superficie. A medida que la parte del tambor con el material ferroso gira hacia el lado opuesto al flujo del producto, el campo magn\u00e9tico se reduce, permitiendo que la materia ferrosa caiga del tambor hacia un contenedor de recolecci\u00f3n. El resultado final es un producto purificado y listo para su procesamiento, eliminando la preocupaci\u00f3n de sufrir costosos da\u00f1os a causa de los metales trampa.  <\/p>\n","protected":false},"excerpt":{"rendered":"<p>Los <strong>Separadores Magn\u00e9ticos de Tambor Saideep<\/strong> se utilizan para la <strong>separaci\u00f3n autom\u00e1tica de part\u00edculas de hierro<\/strong> en productos y materiales que presentan un alto porcentaje de contaminaci\u00f3n ferrosa. Por lo general, los tambores magn\u00e9ticos se instalan en l\u00edneas de proceso continuo para extraer el hierro de flujos de material denso. Estos tambores magn\u00e9ticos se pueden suministrar en diversos dise\u00f1os y tama\u00f1os para adaptarse a las demandas del producto y los requerimientos funcionales del cliente.  <\/p>\n<p>&nbsp;<\/p>\n","protected":false},"featured_media":887,"template":"","meta":{"_acf_changed":false,"_uag_custom_page_level_css":"","site-sidebar-layout":"default","site-content-layout":"","ast-site-content-layout":"default","site-content-style":"default","site-sidebar-style":"default","ast-global-header-display":"","ast-banner-title-visibility":"","ast-main-header-display":"","ast-hfb-above-header-display":"","ast-hfb-below-header-display":"","ast-hfb-mobile-header-display":"","site-post-title":"","ast-breadcrumbs-content":"","ast-featured-img":"","footer-sml-layout":"","ast-disable-related-posts":"","theme-transparent-header-meta":"default","adv-header-id-meta":"","stick-header-meta":"","header-above-stick-meta":"","header-main-stick-meta":"","header-below-stick-meta":"","astra-migrate-meta-layouts":"default","ast-page-background-enabled":"default","ast-page-background-meta":{"desktop":{"background-color":"var(--ast-global-color-5)","background-image":"","background-repeat":"repeat","background-position":"center center","background-size":"auto","background-attachment":"scroll","background-type":"","background-media":"","overlay-type":"","overlay-color":"","overlay-opacity":"","overlay-gradient":""},"tablet":{"background-color":"","background-image":"","background-repeat":"repeat","background-position":"center center","background-size":"auto","background-attachment":"scroll","background-type":"","background-media":"","overlay-type":"","overlay-color":"","overlay-opacity":"","overlay-gradient":""},"mobile":{"background-color":"","background-image":"","background-repeat":"repeat","background-position":"center center","background-size":"auto","background-attachment":"scroll","background-type":"","background-media":"","overlay-type":"","overlay-color":"","overlay-opacity":"","overlay-gradient":""}},"ast-content-background-meta":{"desktop":{"background-color":"var(--ast-global-color-4)","background-image":"","background-repeat":"repeat","background-position":"center center","background-size":"auto","background-attachment":"scroll","background-type":"","background-media":"","overlay-type":"","overlay-color":"","overlay-opacity":"","overlay-gradient":""},"tablet":{"background-color":"var(--ast-global-color-4)","background-image":"","background-repeat":"repeat","background-position":"center center","background-size":"auto","background-attachment":"scroll","background-type":"","background-media":"","overlay-type":"","overlay-color":"","overlay-opacity":"","overlay-gradient":""},"mobile":{"background-color":"var(--ast-global-color-4)","background-image":"","background-repeat":"repeat","background-position":"center center","background-size":"auto","background-attachment":"scroll","background-type":"","background-media":"","overlay-type":"","overlay-color":"","overlay-opacity":"","overlay-gradient":""}}},"product_brand":[],"product_cat":[582],"product_tag":[611,652],"class_list":{"0":"post-1885","1":"product","2":"type-product","3":"status-publish","4":"has-post-thumbnail","6":"product_cat-equipos-magneticos","7":"product_tag-iman-de-tambor","8":"product_tag-maquina-de-tambor-magnetico","9":"desktop-align-left","10":"tablet-align-left","11":"mobile-align-left","13":"first","14":"instock","15":"shipping-taxable","16":"product-type-simple"},"acf":[],"uagb_featured_image_src":{"full":["https:\/\/saideeponline.com\/wp-content\/uploads\/2025\/05\/drum_type_magnetic_separator-scaled.png",2560,2560,false],"thumbnail":["https:\/\/saideeponline.com\/wp-content\/uploads\/2025\/05\/drum_type_magnetic_separator-150x150.png",150,150,true],"medium":["https:\/\/saideeponline.com\/wp-content\/uploads\/2025\/05\/drum_type_magnetic_separator-300x300.png",300,300,true],"medium_large":["https:\/\/saideeponline.com\/wp-content\/uploads\/2025\/05\/drum_type_magnetic_separator-768x768.png",768,768,true],"large":["https:\/\/saideeponline.com\/wp-content\/uploads\/2025\/05\/drum_type_magnetic_separator-1024x1024.png",1024,1024,true],"1536x1536":["https:\/\/saideeponline.com\/wp-content\/uploads\/2025\/05\/drum_type_magnetic_separator-1536x1536.png",1536,1536,true],"2048x2048":["https:\/\/saideeponline.com\/wp-content\/uploads\/2025\/05\/drum_type_magnetic_separator-2048x2048.png",2048,2048,true],"woocommerce_thumbnail":["https:\/\/saideeponline.com\/wp-content\/uploads\/2025\/05\/drum_type_magnetic_separator-scaled-250x250.png",250,250,true],"woocommerce_single":["https:\/\/saideeponline.com\/wp-content\/uploads\/2025\/05\/drum_type_magnetic_separator-scaled-250x250.png",250,250,true],"woocommerce_gallery_thumbnail":["https:\/\/saideeponline.com\/wp-content\/uploads\/2025\/05\/drum_type_magnetic_separator-scaled-100x100.png",100,100,true]},"uagb_author_info":{"display_name":"lucentcg@gmail.com","author_link":"https:\/\/saideeponline.com\/es\/author\/"},"uagb_comment_info":0,"uagb_excerpt":"Los Separadores Magn\u00e9ticos de Tambor Saideep se utilizan para la separaci\u00f3n autom\u00e1tica de part\u00edculas de hierro en productos y materiales que presentan un alto porcentaje de contaminaci\u00f3n ferrosa. Por lo general, los tambores magn\u00e9ticos se instalan en l\u00edneas de proceso continuo para extraer el hierro de flujos de material denso. Estos tambores magn\u00e9ticos se pueden&hellip;","_links":{"self":[{"href":"https:\/\/saideeponline.com\/es\/wp-json\/wp\/v2\/product\/1885","targetHints":{"allow":["GET"]}}],"collection":[{"href":"https:\/\/saideeponline.com\/es\/wp-json\/wp\/v2\/product"}],"about":[{"href":"https:\/\/saideeponline.com\/es\/wp-json\/wp\/v2\/types\/product"}],"wp:featuredmedia":[{"embeddable":true,"href":"https:\/\/saideeponline.com\/es\/wp-json\/wp\/v2\/media\/887"}],"wp:attachment":[{"href":"https:\/\/saideeponline.com\/es\/wp-json\/wp\/v2\/media?parent=1885"}],"wp:term":[{"taxonomy":"product_brand","embeddable":true,"href":"https:\/\/saideeponline.com\/es\/wp-json\/wp\/v2\/product_brand?post=1885"},{"taxonomy":"product_cat","embeddable":true,"href":"https:\/\/saideeponline.com\/es\/wp-json\/wp\/v2\/product_cat?post=1885"},{"taxonomy":"product_tag","embeddable":true,"href":"https:\/\/saideeponline.com\/es\/wp-json\/wp\/v2\/product_tag?post=1885"}],"curies":[{"name":"wp","href":"https:\/\/api.w.org\/{rel}","templated":true}]}}