{"id":1884,"date":"2025-05-07T21:54:06","date_gmt":"2025-05-07T16:24:06","guid":{"rendered":"https:\/\/saideeponline.com\/product\/rodillo-magnetico-despedregadora-magnetica\/"},"modified":"2025-05-07T21:54:06","modified_gmt":"2025-05-07T16:24:06","slug":"rodillo-magnetico-despedregadora-magnetica","status":"publish","type":"product","link":"https:\/\/saideeponline.com\/es\/product\/rodillo-magnetico-despedregadora-magnetica\/","title":{"rendered":"Rodillo Magn\u00e9tico | Despedregadora Magn\u00e9tica"},"content":{"rendered":"<p><iframe loading=\"lazy\" title=\"Reproductor de video de YouTube\" src=\"https:\/\/www.youtube-nocookie.com\/embed\/nxqXmSOSX_g?si=PX2XD-xbJdO0PGUv\" width=\"560\" height=\"315\" frameborder=\"0\" allowfullscreen=\"allowfullscreen\"><\/iframe><\/p>\n<p>Las m\u00e1quinas de rodillo magn\u00e9tico de alto gradiente se fabrican en diversos tama\u00f1os est\u00e1ndar, y todas ellas requieren una altura de instalaci\u00f3n reducida. Tambi\u00e9n es posible fabricar un sistema a medida de acuerdo con las especificaciones del cliente. Dependiendo de los requerimientos y de la aplicaci\u00f3n, se puede optar por un sistema de una sola etapa o por m\u00faltiples rodillos magn\u00e9ticos colocados uno debajo del otro en cascada. Esto da como resultado un grado a\u00fan mayor en la separaci\u00f3n de hierro.   <\/p>\n<p>Saideep es la empresa fabricante l\u00edder en Asia de equipos magn\u00e9ticos permanentes y equipos vibratorios para la separaci\u00f3n en seco y h\u00famedo de minerales y metales. Los sistemas de Separadores de Rodillo Magn\u00e9tico Permanente en Seco son \u00fanicos en su tipo; suministramos estos equipos a nivel mundial y m\u00e1s de 1000 industrias ya operan con nuestra maquinaria. Gracias a nuestra experiencia desde 1971, podemos separar desde carb\u00f3n hasta oro en todo tipo de minerales y metales en cualquier parte del mundo. Dependiendo de la ubicaci\u00f3n de su mina, podemos brindarle soluciones completas para purificar sus metales, refinar sus minerales y optimizar sus procesos.<br \/>\nEstos separadores de rodillo magn\u00e9tico son altamente efectivos para separar part\u00edculas paramagn\u00e9ticas y d\u00e9bilmente paramagn\u00e9ticas. Est\u00e1n fabricados con imanes de tierras raras de Neodimio (NdFeB) especialmente desarrollados, contando con la mayor potencia magn\u00e9tica disponible en la serie. Esto nos permite alcanzar valores en Gauss muy superiores en comparaci\u00f3n con otros productos similares del mercado.   <\/p>\n","protected":false},"excerpt":{"rendered":"<p>Los Separadores de Rodillo Magn\u00e9tico de Saideep, tambi\u00e9n conocidos como Despedregadoras Magn\u00e9ticas, son separadores magn\u00e9ticos tipo rodillo con un im\u00e1n fijo de alta intensidad de campo y alto gradiente. Los imanes utilizados en estos separadores est\u00e1n fabricados con Tierras Raras de alta calidad. Generan altas fuerzas de atracci\u00f3n en el rodillo magn\u00e9tico debido a sus propiedades y series magn\u00e9ticas especiales. Las altas fuerzas de atracci\u00f3n obtenidas permiten procesar materiales de baja susceptibilidad magn\u00e9tica, haciendo posible separar minerales muy finos con una alta tasa de recuperaci\u00f3n.   <\/p>\n","protected":false},"featured_media":861,"template":"","meta":{"_acf_changed":false,"_uag_custom_page_level_css":"","site-sidebar-layout":"default","site-content-layout":"","ast-site-content-layout":"default","site-content-style":"default","site-sidebar-style":"default","ast-global-header-display":"","ast-banner-title-visibility":"","ast-main-header-display":"","ast-hfb-above-header-display":"","ast-hfb-below-header-display":"","ast-hfb-mobile-header-display":"","site-post-title":"","ast-breadcrumbs-content":"","ast-featured-img":"","footer-sml-layout":"","ast-disable-related-posts":"","theme-transparent-header-meta":"default","adv-header-id-meta":"","stick-header-meta":"","header-above-stick-meta":"","header-main-stick-meta":"","header-below-stick-meta":"","astra-migrate-meta-layouts":"default","ast-page-background-enabled":"default","ast-page-background-meta":{"desktop":{"background-color":"var(--ast-global-color-5)","background-image":"","background-repeat":"repeat","background-position":"center center","background-size":"auto","background-attachment":"scroll","background-type":"","background-media":"","overlay-type":"","overlay-color":"","overlay-opacity":"","overlay-gradient":""},"tablet":{"background-color":"","background-image":"","background-repeat":"repeat","background-position":"center center","background-size":"auto","background-attachment":"scroll","background-type":"","background-media":"","overlay-type":"","overlay-color":"","overlay-opacity":"","overlay-gradient":""},"mobile":{"background-color":"","background-image":"","background-repeat":"repeat","background-position":"center center","background-size":"auto","background-attachment":"scroll","background-type":"","background-media":"","overlay-type":"","overlay-color":"","overlay-opacity":"","overlay-gradient":""}},"ast-content-background-meta":{"desktop":{"background-color":"var(--ast-global-color-4)","background-image":"","background-repeat":"repeat","background-position":"center center","background-size":"auto","background-attachment":"scroll","background-type":"","background-media":"","overlay-type":"","overlay-color":"","overlay-opacity":"","overlay-gradient":""},"tablet":{"background-color":"var(--ast-global-color-4)","background-image":"","background-repeat":"repeat","background-position":"center center","background-size":"auto","background-attachment":"scroll","background-type":"","background-media":"","overlay-type":"","overlay-color":"","overlay-opacity":"","overlay-gradient":""},"mobile":{"background-color":"var(--ast-global-color-4)","background-image":"","background-repeat":"repeat","background-position":"center center","background-size":"auto","background-attachment":"scroll","background-type":"","background-media":"","overlay-type":"","overlay-color":"","overlay-opacity":"","overlay-gradient":""}}},"product_brand":[],"product_cat":[582],"product_tag":[650,649,651],"class_list":{"0":"post-1884","1":"product","2":"type-product","3":"status-publish","4":"has-post-thumbnail","6":"product_cat-equipos-magneticos","7":"product_tag-despedregadora-magnetica","8":"product_tag-rodillo-magnetico-2","9":"product_tag-separador-de-rodillo-magnetico","10":"desktop-align-left","11":"tablet-align-left","12":"mobile-align-left","14":"first","15":"instock","16":"shipping-taxable","17":"product-type-simple"},"acf":[],"uagb_featured_image_src":{"full":["https:\/\/saideeponline.com\/wp-content\/uploads\/2025\/08\/magnetic_roll-scaled.png",2560,2560,false],"thumbnail":["https:\/\/saideeponline.com\/wp-content\/uploads\/2025\/08\/magnetic_roll-150x150.png",150,150,true],"medium":["https:\/\/saideeponline.com\/wp-content\/uploads\/2025\/08\/magnetic_roll-300x300.png",300,300,true],"medium_large":["https:\/\/saideeponline.com\/wp-content\/uploads\/2025\/08\/magnetic_roll-768x768.png",768,768,true],"large":["https:\/\/saideeponline.com\/wp-content\/uploads\/2025\/08\/magnetic_roll-1024x1024.png",1024,1024,true],"1536x1536":["https:\/\/saideeponline.com\/wp-content\/uploads\/2025\/08\/magnetic_roll-1536x1536.png",1536,1536,true],"2048x2048":["https:\/\/saideeponline.com\/wp-content\/uploads\/2025\/08\/magnetic_roll-2048x2048.png",2048,2048,true],"woocommerce_thumbnail":["https:\/\/saideeponline.com\/wp-content\/uploads\/2025\/08\/magnetic_roll-scaled-250x250.png",250,250,true],"woocommerce_single":["https:\/\/saideeponline.com\/wp-content\/uploads\/2025\/08\/magnetic_roll-scaled-250x250.png",250,250,true],"woocommerce_gallery_thumbnail":["https:\/\/saideeponline.com\/wp-content\/uploads\/2025\/08\/magnetic_roll-scaled-100x100.png",100,100,true]},"uagb_author_info":{"display_name":"lucentcg@gmail.com","author_link":"https:\/\/saideeponline.com\/es\/author\/"},"uagb_comment_info":0,"uagb_excerpt":"Los Separadores de Rodillo Magn\u00e9tico de Saideep, tambi\u00e9n conocidos como Despedregadoras Magn\u00e9ticas, son separadores magn\u00e9ticos tipo rodillo con un im\u00e1n fijo de alta intensidad de campo y alto gradiente. Los imanes utilizados en estos separadores est\u00e1n fabricados con Tierras Raras de alta calidad. Generan altas fuerzas de atracci\u00f3n en el rodillo magn\u00e9tico debido a sus&hellip;","_links":{"self":[{"href":"https:\/\/saideeponline.com\/es\/wp-json\/wp\/v2\/product\/1884","targetHints":{"allow":["GET"]}}],"collection":[{"href":"https:\/\/saideeponline.com\/es\/wp-json\/wp\/v2\/product"}],"about":[{"href":"https:\/\/saideeponline.com\/es\/wp-json\/wp\/v2\/types\/product"}],"wp:featuredmedia":[{"embeddable":true,"href":"https:\/\/saideeponline.com\/es\/wp-json\/wp\/v2\/media\/861"}],"wp:attachment":[{"href":"https:\/\/saideeponline.com\/es\/wp-json\/wp\/v2\/media?parent=1884"}],"wp:term":[{"taxonomy":"product_brand","embeddable":true,"href":"https:\/\/saideeponline.com\/es\/wp-json\/wp\/v2\/product_brand?post=1884"},{"taxonomy":"product_cat","embeddable":true,"href":"https:\/\/saideeponline.com\/es\/wp-json\/wp\/v2\/product_cat?post=1884"},{"taxonomy":"product_tag","embeddable":true,"href":"https:\/\/saideeponline.com\/es\/wp-json\/wp\/v2\/product_tag?post=1884"}],"curies":[{"name":"wp","href":"https:\/\/api.w.org\/{rel}","templated":true}]}}