{"id":1876,"date":"2025-05-07T21:56:34","date_gmt":"2025-05-07T16:26:34","guid":{"rendered":"https:\/\/saideeponline.com\/product\/rejillas-magneticas\/"},"modified":"2025-05-07T21:56:34","modified_gmt":"2025-05-07T16:26:34","slug":"rejillas-magneticas","status":"publish","type":"product","link":"https:\/\/saideeponline.com\/es\/product\/rejillas-magneticas\/","title":{"rendered":"Rejillas Magn\u00e9ticas"},"content":{"rendered":"","protected":false},"excerpt":{"rendered":"<p class=\"calibri\" align=\"justify\">Nuestras rejillas magn\u00e9ticas de tierras raras de s\u00faper potencia son \u00fatiles para eliminar impurezas magn\u00e9ticas d\u00e9biles y muy finas de materiales granulares y polvos de flujo libre. Las rejillas magn\u00e9ticas est\u00e1n ensambladas con barras de 1&#8243; de di\u00e1metro en acero inoxidable SS 304 o SS 316, las cuales poseen una fuerza magn\u00e9tica de alta intensidad en su superficie. Estas rejillas se pueden fabricar en formato rectangular, redondo o de extracci\u00f3n r\u00e1pida (tipo caj\u00f3n) para facilitar su limpieza y adaptarse a la aplicaci\u00f3n del cliente; adem\u00e1s, est\u00e1n disponibles en configuraciones de una o m\u00faltiples filas e instaladas en carcasas, tal como se muestra. Las rejillas magn\u00e9ticas de tierras raras se utilizan para purificar productos como alimentos, qu\u00edmicos y minerales. Tambi\u00e9n se aplican en otras industrias como fundici\u00f3n, vidrio, pl\u00e1sticos, entre otras.    <\/p>\n<p align=\"justify\"><span class=\"calibri\">Las barras se pueden suministrar ensambladas en forma rectangular o redonda para crear una rejilla que se adapte al dise\u00f1o de la tolva. La rejilla cuenta con barras magn\u00e9ticas de tierras raras dise\u00f1adas espec\u00edficamente para retener hasta las part\u00edculas m\u00e1s finas que fluyen con el producto.  <\/span><\/p>\n","protected":false},"featured_media":881,"template":"","meta":{"_acf_changed":false,"_uag_custom_page_level_css":"","site-sidebar-layout":"default","site-content-layout":"","ast-site-content-layout":"default","site-content-style":"default","site-sidebar-style":"default","ast-global-header-display":"","ast-banner-title-visibility":"","ast-main-header-display":"","ast-hfb-above-header-display":"","ast-hfb-below-header-display":"","ast-hfb-mobile-header-display":"","site-post-title":"","ast-breadcrumbs-content":"","ast-featured-img":"","footer-sml-layout":"","ast-disable-related-posts":"","theme-transparent-header-meta":"default","adv-header-id-meta":"","stick-header-meta":"","header-above-stick-meta":"","header-main-stick-meta":"","header-below-stick-meta":"","astra-migrate-meta-layouts":"default","ast-page-background-enabled":"default","ast-page-background-meta":{"desktop":{"background-color":"var(--ast-global-color-5)","background-image":"","background-repeat":"repeat","background-position":"center center","background-size":"auto","background-attachment":"scroll","background-type":"","background-media":"","overlay-type":"","overlay-color":"","overlay-opacity":"","overlay-gradient":""},"tablet":{"background-color":"","background-image":"","background-repeat":"repeat","background-position":"center center","background-size":"auto","background-attachment":"scroll","background-type":"","background-media":"","overlay-type":"","overlay-color":"","overlay-opacity":"","overlay-gradient":""},"mobile":{"background-color":"","background-image":"","background-repeat":"repeat","background-position":"center center","background-size":"auto","background-attachment":"scroll","background-type":"","background-media":"","overlay-type":"","overlay-color":"","overlay-opacity":"","overlay-gradient":""}},"ast-content-background-meta":{"desktop":{"background-color":"var(--ast-global-color-4)","background-image":"","background-repeat":"repeat","background-position":"center center","background-size":"auto","background-attachment":"scroll","background-type":"","background-media":"","overlay-type":"","overlay-color":"","overlay-opacity":"","overlay-gradient":""},"tablet":{"background-color":"var(--ast-global-color-4)","background-image":"","background-repeat":"repeat","background-position":"center center","background-size":"auto","background-attachment":"scroll","background-type":"","background-media":"","overlay-type":"","overlay-color":"","overlay-opacity":"","overlay-gradient":""},"mobile":{"background-color":"var(--ast-global-color-4)","background-image":"","background-repeat":"repeat","background-position":"center center","background-size":"auto","background-attachment":"scroll","background-type":"","background-media":"","overlay-type":"","overlay-color":"","overlay-opacity":"","overlay-gradient":""}}},"product_brand":[],"product_cat":[582],"product_tag":[646,647,648],"class_list":{"0":"post-1876","1":"product","2":"type-product","3":"status-publish","4":"has-post-thumbnail","6":"product_cat-equipos-magneticos","7":"product_tag-iman-para-tolva","8":"product_tag-rejilla-magnetica","9":"product_tag-separadores-magneticos","10":"desktop-align-left","11":"tablet-align-left","12":"mobile-align-left","14":"first","15":"instock","16":"shipping-taxable","17":"product-type-simple"},"acf":[],"uagb_featured_image_src":{"full":["https:\/\/saideeponline.com\/wp-content\/uploads\/2025\/05\/Magnetic-Grill-scaled.png",2560,2560,false],"thumbnail":["https:\/\/saideeponline.com\/wp-content\/uploads\/2025\/05\/Magnetic-Grill-150x150.png",150,150,true],"medium":["https:\/\/saideeponline.com\/wp-content\/uploads\/2025\/05\/Magnetic-Grill-300x300.png",300,300,true],"medium_large":["https:\/\/saideeponline.com\/wp-content\/uploads\/2025\/05\/Magnetic-Grill-768x768.png",768,768,true],"large":["https:\/\/saideeponline.com\/wp-content\/uploads\/2025\/05\/Magnetic-Grill-1024x1024.png",1024,1024,true],"1536x1536":["https:\/\/saideeponline.com\/wp-content\/uploads\/2025\/05\/Magnetic-Grill-1536x1536.png",1536,1536,true],"2048x2048":["https:\/\/saideeponline.com\/wp-content\/uploads\/2025\/05\/Magnetic-Grill-2048x2048.png",2048,2048,true],"woocommerce_thumbnail":["https:\/\/saideeponline.com\/wp-content\/uploads\/2025\/05\/Magnetic-Grill-scaled-250x250.png",250,250,true],"woocommerce_single":["https:\/\/saideeponline.com\/wp-content\/uploads\/2025\/05\/Magnetic-Grill-scaled-250x250.png",250,250,true],"woocommerce_gallery_thumbnail":["https:\/\/saideeponline.com\/wp-content\/uploads\/2025\/05\/Magnetic-Grill-scaled-100x100.png",100,100,true]},"uagb_author_info":{"display_name":"lucentcg@gmail.com","author_link":"https:\/\/saideeponline.com\/es\/author\/"},"uagb_comment_info":0,"uagb_excerpt":"Nuestras rejillas magn\u00e9ticas de tierras raras de s\u00faper potencia son \u00fatiles para eliminar impurezas magn\u00e9ticas d\u00e9biles y muy finas de materiales granulares y polvos de flujo libre. Las rejillas magn\u00e9ticas est\u00e1n ensambladas con barras de 1\" de di\u00e1metro en acero inoxidable SS 304 o SS 316, las cuales poseen una fuerza magn\u00e9tica de alta intensidad&hellip;","_links":{"self":[{"href":"https:\/\/saideeponline.com\/es\/wp-json\/wp\/v2\/product\/1876","targetHints":{"allow":["GET"]}}],"collection":[{"href":"https:\/\/saideeponline.com\/es\/wp-json\/wp\/v2\/product"}],"about":[{"href":"https:\/\/saideeponline.com\/es\/wp-json\/wp\/v2\/types\/product"}],"wp:featuredmedia":[{"embeddable":true,"href":"https:\/\/saideeponline.com\/es\/wp-json\/wp\/v2\/media\/881"}],"wp:attachment":[{"href":"https:\/\/saideeponline.com\/es\/wp-json\/wp\/v2\/media?parent=1876"}],"wp:term":[{"taxonomy":"product_brand","embeddable":true,"href":"https:\/\/saideeponline.com\/es\/wp-json\/wp\/v2\/product_brand?post=1876"},{"taxonomy":"product_cat","embeddable":true,"href":"https:\/\/saideeponline.com\/es\/wp-json\/wp\/v2\/product_cat?post=1876"},{"taxonomy":"product_tag","embeddable":true,"href":"https:\/\/saideeponline.com\/es\/wp-json\/wp\/v2\/product_tag?post=1876"}],"curies":[{"name":"wp","href":"https:\/\/api.w.org\/{rel}","templated":true}]}}