{"id":1870,"date":"2025-05-07T21:55:28","date_gmt":"2025-05-07T16:25:28","guid":{"rendered":"https:\/\/saideeponline.com\/product\/canaleta-y-placa-magnetica\/"},"modified":"2025-05-07T21:55:28","modified_gmt":"2025-05-07T16:25:28","slug":"canaleta-y-placa-magnetica","status":"publish","type":"product","link":"https:\/\/saideeponline.com\/es\/product\/canaleta-y-placa-magnetica\/","title":{"rendered":"Canaleta y Placa Magn\u00e9tica"},"content":{"rendered":"","protected":false},"excerpt":{"rendered":"<p align=\"justify\"><span class=\"calibri\">Las <strong>Placas Magn\u00e9ticas de Tierras Raras de S\u00faper Potencia de Saideep<\/strong> se utilizan en l\u00edneas de proceso para atrapar la contaminaci\u00f3n de hierro en canaletas, tolvas de descarga, ductos y tuber\u00edas, o bien pueden suspenderse a corta distancia sobre cintas transportadoras. Estas placas magn\u00e9ticas ayudan a proteger la maquinaria de proceso o los equipos posteriores contra piezas de hierro que podr\u00edan da\u00f1ar componentes en movimiento, tales como cuchillas, trituradoras, pulverizadores o equipos de molienda.  <\/span><\/p>\n<p align=\"justify\">Las placas magn\u00e9ticas se fabrican con diferentes potencias en Gauss y se seleccionan en funci\u00f3n del tipo de contaminaci\u00f3n ferrosa que se requiere eliminar. La contaminaci\u00f3n por hierro puede presentarse en forma de part\u00edculas peque\u00f1as, como bolas de lodo magn\u00e9tico, alfileres o limaduras; part\u00edculas de tama\u00f1o mediano, como tornillos, arandelas y fragmentos rotos de maquinaria; o incluso en forma de segmentos grandes. Idealmente, las placas magn\u00e9ticas est\u00e1n dise\u00f1adas para que el material fluya en contacto directo con su superficie, sin embargo, tambi\u00e9n pueden utilizarse suspendi\u00e9ndolas a muy corta distancia sobre el flujo del material.  <\/p>\n<p align=\"justify\">\n","protected":false},"featured_media":1256,"template":"","meta":{"_acf_changed":false,"_uag_custom_page_level_css":"","site-sidebar-layout":"default","site-content-layout":"","ast-site-content-layout":"default","site-content-style":"default","site-sidebar-style":"default","ast-global-header-display":"","ast-banner-title-visibility":"","ast-main-header-display":"","ast-hfb-above-header-display":"","ast-hfb-below-header-display":"","ast-hfb-mobile-header-display":"","site-post-title":"","ast-breadcrumbs-content":"","ast-featured-img":"","footer-sml-layout":"","ast-disable-related-posts":"","theme-transparent-header-meta":"default","adv-header-id-meta":"","stick-header-meta":"","header-above-stick-meta":"","header-main-stick-meta":"","header-below-stick-meta":"","astra-migrate-meta-layouts":"default","ast-page-background-enabled":"default","ast-page-background-meta":{"desktop":{"background-color":"var(--ast-global-color-5)","background-image":"","background-repeat":"repeat","background-position":"center center","background-size":"auto","background-attachment":"scroll","background-type":"","background-media":"","overlay-type":"","overlay-color":"","overlay-opacity":"","overlay-gradient":""},"tablet":{"background-color":"","background-image":"","background-repeat":"repeat","background-position":"center center","background-size":"auto","background-attachment":"scroll","background-type":"","background-media":"","overlay-type":"","overlay-color":"","overlay-opacity":"","overlay-gradient":""},"mobile":{"background-color":"","background-image":"","background-repeat":"repeat","background-position":"center center","background-size":"auto","background-attachment":"scroll","background-type":"","background-media":"","overlay-type":"","overlay-color":"","overlay-opacity":"","overlay-gradient":""}},"ast-content-background-meta":{"desktop":{"background-color":"var(--ast-global-color-4)","background-image":"","background-repeat":"repeat","background-position":"center center","background-size":"auto","background-attachment":"scroll","background-type":"","background-media":"","overlay-type":"","overlay-color":"","overlay-opacity":"","overlay-gradient":""},"tablet":{"background-color":"var(--ast-global-color-4)","background-image":"","background-repeat":"repeat","background-position":"center center","background-size":"auto","background-attachment":"scroll","background-type":"","background-media":"","overlay-type":"","overlay-color":"","overlay-opacity":"","overlay-gradient":""},"mobile":{"background-color":"var(--ast-global-color-4)","background-image":"","background-repeat":"repeat","background-position":"center center","background-size":"auto","background-attachment":"scroll","background-type":"","background-media":"","overlay-type":"","overlay-color":"","overlay-opacity":"","overlay-gradient":""}}},"product_brand":[],"product_cat":[582],"product_tag":[639,632,640],"class_list":{"0":"post-1870","1":"product","2":"type-product","3":"status-publish","4":"has-post-thumbnail","6":"product_cat-equipos-magneticos","7":"product_tag-canaleta-magnetica","8":"product_tag-imanes","9":"product_tag-placa-magnetica","10":"desktop-align-left","11":"tablet-align-left","12":"mobile-align-left","14":"first","15":"instock","16":"shipping-taxable","17":"product-type-simple"},"acf":[],"uagb_featured_image_src":{"full":["https:\/\/saideeponline.com\/wp-content\/uploads\/2025\/09\/Magnetic_Chute_and_Plate-scaled.webp",2560,2560,false],"thumbnail":["https:\/\/saideeponline.com\/wp-content\/uploads\/2025\/09\/Magnetic_Chute_and_Plate-150x150.webp",150,150,true],"medium":["https:\/\/saideeponline.com\/wp-content\/uploads\/2025\/09\/Magnetic_Chute_and_Plate-300x300.webp",300,300,true],"medium_large":["https:\/\/saideeponline.com\/wp-content\/uploads\/2025\/09\/Magnetic_Chute_and_Plate-768x768.webp",768,768,true],"large":["https:\/\/saideeponline.com\/wp-content\/uploads\/2025\/09\/Magnetic_Chute_and_Plate-1024x1024.webp",1024,1024,true],"1536x1536":["https:\/\/saideeponline.com\/wp-content\/uploads\/2025\/09\/Magnetic_Chute_and_Plate-1536x1536.webp",1536,1536,true],"2048x2048":["https:\/\/saideeponline.com\/wp-content\/uploads\/2025\/09\/Magnetic_Chute_and_Plate-2048x2048.webp",2048,2048,true],"woocommerce_thumbnail":["https:\/\/saideeponline.com\/wp-content\/uploads\/2025\/09\/Magnetic_Chute_and_Plate-scaled-250x250.webp",250,250,true],"woocommerce_single":["https:\/\/saideeponline.com\/wp-content\/uploads\/2025\/09\/Magnetic_Chute_and_Plate-scaled-250x250.webp",250,250,true],"woocommerce_gallery_thumbnail":["https:\/\/saideeponline.com\/wp-content\/uploads\/2025\/09\/Magnetic_Chute_and_Plate-scaled-100x100.webp",100,100,true]},"uagb_author_info":{"display_name":"lucentcg@gmail.com","author_link":"https:\/\/saideeponline.com\/es\/author\/"},"uagb_comment_info":0,"uagb_excerpt":"Las Placas Magn\u00e9ticas de Tierras Raras de S\u00faper Potencia de Saideep se utilizan en l\u00edneas de proceso para atrapar la contaminaci\u00f3n de hierro en canaletas, tolvas de descarga, ductos y tuber\u00edas, o bien pueden suspenderse a corta distancia sobre cintas transportadoras. Estas placas magn\u00e9ticas ayudan a proteger la maquinaria de proceso o los equipos posteriores&hellip;","_links":{"self":[{"href":"https:\/\/saideeponline.com\/es\/wp-json\/wp\/v2\/product\/1870","targetHints":{"allow":["GET"]}}],"collection":[{"href":"https:\/\/saideeponline.com\/es\/wp-json\/wp\/v2\/product"}],"about":[{"href":"https:\/\/saideeponline.com\/es\/wp-json\/wp\/v2\/types\/product"}],"wp:featuredmedia":[{"embeddable":true,"href":"https:\/\/saideeponline.com\/es\/wp-json\/wp\/v2\/media\/1256"}],"wp:attachment":[{"href":"https:\/\/saideeponline.com\/es\/wp-json\/wp\/v2\/media?parent=1870"}],"wp:term":[{"taxonomy":"product_brand","embeddable":true,"href":"https:\/\/saideeponline.com\/es\/wp-json\/wp\/v2\/product_brand?post=1870"},{"taxonomy":"product_cat","embeddable":true,"href":"https:\/\/saideeponline.com\/es\/wp-json\/wp\/v2\/product_cat?post=1870"},{"taxonomy":"product_tag","embeddable":true,"href":"https:\/\/saideeponline.com\/es\/wp-json\/wp\/v2\/product_tag?post=1870"}],"curies":[{"name":"wp","href":"https:\/\/api.w.org\/{rel}","templated":true}]}}