{"id":1860,"date":"2025-05-07T22:04:48","date_gmt":"2025-05-07T16:34:48","guid":{"rendered":"https:\/\/saideeponline.com\/product\/separador-magnetico-overband\/"},"modified":"2025-05-07T22:04:48","modified_gmt":"2025-05-07T16:34:48","slug":"separador-magnetico-overband","status":"publish","type":"product","link":"https:\/\/saideeponline.com\/es\/product\/separador-magnetico-overband\/","title":{"rendered":"Separador Magn\u00e9tico Overband"},"content":{"rendered":"<p>Los separadores magn\u00e9ticos Overband se utilizan en sectores donde se requiere extraer un gran volumen de contaminaci\u00f3n de hierro del material que fluye sobre una cinta transportadora plana o inclinada. Se recomienda el uso de estos equipos (OBMS) en aplicaciones donde el tama\u00f1o del material ferroso es grande.  <\/p>\n<p>Los separadores magn\u00e9ticos Overband son equipos compactos y con un revestimiento robusto que permiten la autolimpieza de materiales ferrosos, evitando tener que retirarlos manualmente de la superficie magn\u00e9tica. El OBMS puede instalarse de forma perpendicular o en l\u00ednea con el flujo de la cinta transportadora inferior. Las part\u00edculas de hierro son atra\u00eddas hacia el OBMS cuando pasan por la Zona Magn\u00e9tica y luego son expulsadas autom\u00e1ticamente hacia el \u00c1rea No Magn\u00e9tica mediante la banda giratoria del equipo.  <\/p>\n","protected":false},"excerpt":{"rendered":"<p>Los <strong>separadores magn\u00e9ticos suspendidos tipo Overband<\/strong> est\u00e1n dise\u00f1ados para aplicaciones en las que es necesario extraer contaminantes ferrosos de productos a granel, ya sea en una cinta transportadora en movimiento o en una canaleta.<\/p>\n<p>Utilizan un circuito de imanes permanentes para proporcionar un campo magn\u00e9tico continuo y uniforme a trav\u00e9s de la banda de alimentaci\u00f3n, optimizando la eficiencia en la separaci\u00f3n de metales trampa da\u00f1inos.<\/p>\n<p>La funci\u00f3n autolimpiante incorporada en el equipo permite la remoci\u00f3n autom\u00e1tica de los metales trampa acumulados.<\/p>\n","protected":false},"featured_media":888,"template":"","meta":{"_acf_changed":false,"_uag_custom_page_level_css":"","site-sidebar-layout":"default","site-content-layout":"","ast-site-content-layout":"default","site-content-style":"default","site-sidebar-style":"default","ast-global-header-display":"","ast-banner-title-visibility":"","ast-main-header-display":"","ast-hfb-above-header-display":"","ast-hfb-below-header-display":"","ast-hfb-mobile-header-display":"","site-post-title":"","ast-breadcrumbs-content":"","ast-featured-img":"","footer-sml-layout":"","ast-disable-related-posts":"","theme-transparent-header-meta":"default","adv-header-id-meta":"","stick-header-meta":"","header-above-stick-meta":"","header-main-stick-meta":"","header-below-stick-meta":"","astra-migrate-meta-layouts":"default","ast-page-background-enabled":"default","ast-page-background-meta":{"desktop":{"background-color":"var(--ast-global-color-5)","background-image":"","background-repeat":"repeat","background-position":"center center","background-size":"auto","background-attachment":"scroll","background-type":"","background-media":"","overlay-type":"","overlay-color":"","overlay-opacity":"","overlay-gradient":""},"tablet":{"background-color":"","background-image":"","background-repeat":"repeat","background-position":"center center","background-size":"auto","background-attachment":"scroll","background-type":"","background-media":"","overlay-type":"","overlay-color":"","overlay-opacity":"","overlay-gradient":""},"mobile":{"background-color":"","background-image":"","background-repeat":"repeat","background-position":"center center","background-size":"auto","background-attachment":"scroll","background-type":"","background-media":"","overlay-type":"","overlay-color":"","overlay-opacity":"","overlay-gradient":""}},"ast-content-background-meta":{"desktop":{"background-color":"var(--ast-global-color-4)","background-image":"","background-repeat":"repeat","background-position":"center center","background-size":"auto","background-attachment":"scroll","background-type":"","background-media":"","overlay-type":"","overlay-color":"","overlay-opacity":"","overlay-gradient":""},"tablet":{"background-color":"var(--ast-global-color-4)","background-image":"","background-repeat":"repeat","background-position":"center center","background-size":"auto","background-attachment":"scroll","background-type":"","background-media":"","overlay-type":"","overlay-color":"","overlay-opacity":"","overlay-gradient":""},"mobile":{"background-color":"var(--ast-global-color-4)","background-image":"","background-repeat":"repeat","background-position":"center center","background-size":"auto","background-attachment":"scroll","background-type":"","background-media":"","overlay-type":"","overlay-color":"","overlay-opacity":"","overlay-gradient":""}}},"product_brand":[],"product_cat":[582],"product_tag":[635,636],"class_list":{"0":"post-1860","1":"product","2":"type-product","3":"status-publish","4":"has-post-thumbnail","6":"product_cat-equipos-magneticos","7":"product_tag-iman-suspendido","8":"product_tag-separador-magnetico-overband","9":"desktop-align-left","10":"tablet-align-left","11":"mobile-align-left","13":"first","14":"instock","15":"shipping-taxable","16":"product-type-simple"},"acf":[],"uagb_featured_image_src":{"full":["https:\/\/saideeponline.com\/wp-content\/uploads\/2025\/05\/over_band_magnetic_separator-scaled.png",2560,2560,false],"thumbnail":["https:\/\/saideeponline.com\/wp-content\/uploads\/2025\/05\/over_band_magnetic_separator-150x150.png",150,150,true],"medium":["https:\/\/saideeponline.com\/wp-content\/uploads\/2025\/05\/over_band_magnetic_separator-300x300.png",300,300,true],"medium_large":["https:\/\/saideeponline.com\/wp-content\/uploads\/2025\/05\/over_band_magnetic_separator-768x768.png",768,768,true],"large":["https:\/\/saideeponline.com\/wp-content\/uploads\/2025\/05\/over_band_magnetic_separator-1024x1024.png",1024,1024,true],"1536x1536":["https:\/\/saideeponline.com\/wp-content\/uploads\/2025\/05\/over_band_magnetic_separator-1536x1536.png",1536,1536,true],"2048x2048":["https:\/\/saideeponline.com\/wp-content\/uploads\/2025\/05\/over_band_magnetic_separator-2048x2048.png",2048,2048,true],"woocommerce_thumbnail":["https:\/\/saideeponline.com\/wp-content\/uploads\/2025\/05\/over_band_magnetic_separator-scaled-250x250.png",250,250,true],"woocommerce_single":["https:\/\/saideeponline.com\/wp-content\/uploads\/2025\/05\/over_band_magnetic_separator-scaled-250x250.png",250,250,true],"woocommerce_gallery_thumbnail":["https:\/\/saideeponline.com\/wp-content\/uploads\/2025\/05\/over_band_magnetic_separator-scaled-100x100.png",100,100,true]},"uagb_author_info":{"display_name":"lucentcg@gmail.com","author_link":"https:\/\/saideeponline.com\/es\/author\/"},"uagb_comment_info":0,"uagb_excerpt":"Los separadores magn\u00e9ticos suspendidos tipo Overband est\u00e1n dise\u00f1ados para aplicaciones en las que es necesario extraer contaminantes ferrosos de productos a granel, ya sea en una cinta transportadora en movimiento o en una canaleta. Utilizan un circuito de imanes permanentes para proporcionar un campo magn\u00e9tico continuo y uniforme a trav\u00e9s de la banda de alimentaci\u00f3n,&hellip;","_links":{"self":[{"href":"https:\/\/saideeponline.com\/es\/wp-json\/wp\/v2\/product\/1860","targetHints":{"allow":["GET"]}}],"collection":[{"href":"https:\/\/saideeponline.com\/es\/wp-json\/wp\/v2\/product"}],"about":[{"href":"https:\/\/saideeponline.com\/es\/wp-json\/wp\/v2\/types\/product"}],"wp:featuredmedia":[{"embeddable":true,"href":"https:\/\/saideeponline.com\/es\/wp-json\/wp\/v2\/media\/888"}],"wp:attachment":[{"href":"https:\/\/saideeponline.com\/es\/wp-json\/wp\/v2\/media?parent=1860"}],"wp:term":[{"taxonomy":"product_brand","embeddable":true,"href":"https:\/\/saideeponline.com\/es\/wp-json\/wp\/v2\/product_brand?post=1860"},{"taxonomy":"product_cat","embeddable":true,"href":"https:\/\/saideeponline.com\/es\/wp-json\/wp\/v2\/product_cat?post=1860"},{"taxonomy":"product_tag","embeddable":true,"href":"https:\/\/saideeponline.com\/es\/wp-json\/wp\/v2\/product_tag?post=1860"}],"curies":[{"name":"wp","href":"https:\/\/api.w.org\/{rel}","templated":true}]}}