{"id":1858,"date":"2025-05-07T22:00:39","date_gmt":"2025-05-07T16:30:39","guid":{"rendered":"https:\/\/saideeponline.com\/product\/barra-magnetica-de-tierras-raras\/"},"modified":"2025-05-07T22:00:39","modified_gmt":"2025-05-07T16:30:39","slug":"barra-magnetica-de-tierras-raras","status":"publish","type":"product","link":"https:\/\/saideeponline.com\/es\/product\/barra-magnetica-de-tierras-raras\/","title":{"rendered":"Barra Magn\u00e9tica de Tierras Raras"},"content":{"rendered":"","protected":false},"excerpt":{"rendered":"<p><strong>Saideep<\/strong> ha desarrollado la l\u00ednea m\u00e1s potente de separadores magn\u00e9ticos utilizando imanes de tierras raras. Las barras magn\u00e9ticas contienen en su interior imanes de tierras raras con una fuerza magn\u00e9tica de hasta 12000 Gauss. Estas barras pueden fabricarse en cualquier longitud requerida.  <\/p>\n","protected":false},"featured_media":891,"template":"","meta":{"_acf_changed":false,"_uag_custom_page_level_css":"","site-sidebar-layout":"default","site-content-layout":"","ast-site-content-layout":"default","site-content-style":"default","site-sidebar-style":"default","ast-global-header-display":"","ast-banner-title-visibility":"","ast-main-header-display":"","ast-hfb-above-header-display":"","ast-hfb-below-header-display":"","ast-hfb-mobile-header-display":"","site-post-title":"","ast-breadcrumbs-content":"","ast-featured-img":"","footer-sml-layout":"","ast-disable-related-posts":"","theme-transparent-header-meta":"default","adv-header-id-meta":"","stick-header-meta":"","header-above-stick-meta":"","header-main-stick-meta":"","header-below-stick-meta":"","astra-migrate-meta-layouts":"default","ast-page-background-enabled":"default","ast-page-background-meta":{"desktop":{"background-color":"var(--ast-global-color-5)","background-image":"","background-repeat":"repeat","background-position":"center center","background-size":"auto","background-attachment":"scroll","background-type":"","background-media":"","overlay-type":"","overlay-color":"","overlay-opacity":"","overlay-gradient":""},"tablet":{"background-color":"","background-image":"","background-repeat":"repeat","background-position":"center center","background-size":"auto","background-attachment":"scroll","background-type":"","background-media":"","overlay-type":"","overlay-color":"","overlay-opacity":"","overlay-gradient":""},"mobile":{"background-color":"","background-image":"","background-repeat":"repeat","background-position":"center center","background-size":"auto","background-attachment":"scroll","background-type":"","background-media":"","overlay-type":"","overlay-color":"","overlay-opacity":"","overlay-gradient":""}},"ast-content-background-meta":{"desktop":{"background-color":"var(--ast-global-color-4)","background-image":"","background-repeat":"repeat","background-position":"center center","background-size":"auto","background-attachment":"scroll","background-type":"","background-media":"","overlay-type":"","overlay-color":"","overlay-opacity":"","overlay-gradient":""},"tablet":{"background-color":"var(--ast-global-color-4)","background-image":"","background-repeat":"repeat","background-position":"center center","background-size":"auto","background-attachment":"scroll","background-type":"","background-media":"","overlay-type":"","overlay-color":"","overlay-opacity":"","overlay-gradient":""},"mobile":{"background-color":"var(--ast-global-color-4)","background-image":"","background-repeat":"repeat","background-position":"center center","background-size":"auto","background-attachment":"scroll","background-type":"","background-media":"","overlay-type":"","overlay-color":"","overlay-opacity":"","overlay-gradient":""}}},"product_brand":[],"product_cat":[582],"product_tag":[633,634,632],"class_list":{"0":"post-1858","1":"product","2":"type-product","3":"status-publish","4":"has-post-thumbnail","6":"product_cat-equipos-magneticos","7":"product_tag-barra-magnetica","8":"product_tag-barras-magneticas","9":"product_tag-imanes","10":"desktop-align-left","11":"tablet-align-left","12":"mobile-align-left","14":"first","15":"instock","16":"shipping-taxable","17":"product-type-simple"},"acf":[],"uagb_featured_image_src":{"full":["https:\/\/saideeponline.com\/wp-content\/uploads\/2025\/05\/rare_earth_magnetic_rod-scaled.png",2560,2560,false],"thumbnail":["https:\/\/saideeponline.com\/wp-content\/uploads\/2025\/05\/rare_earth_magnetic_rod-150x150.png",150,150,true],"medium":["https:\/\/saideeponline.com\/wp-content\/uploads\/2025\/05\/rare_earth_magnetic_rod-300x300.png",300,300,true],"medium_large":["https:\/\/saideeponline.com\/wp-content\/uploads\/2025\/05\/rare_earth_magnetic_rod-768x768.png",768,768,true],"large":["https:\/\/saideeponline.com\/wp-content\/uploads\/2025\/05\/rare_earth_magnetic_rod-1024x1024.png",1024,1024,true],"1536x1536":["https:\/\/saideeponline.com\/wp-content\/uploads\/2025\/05\/rare_earth_magnetic_rod-1536x1536.png",1536,1536,true],"2048x2048":["https:\/\/saideeponline.com\/wp-content\/uploads\/2025\/05\/rare_earth_magnetic_rod-2048x2048.png",2048,2048,true],"woocommerce_thumbnail":["https:\/\/saideeponline.com\/wp-content\/uploads\/2025\/05\/rare_earth_magnetic_rod-scaled-250x250.png",250,250,true],"woocommerce_single":["https:\/\/saideeponline.com\/wp-content\/uploads\/2025\/05\/rare_earth_magnetic_rod-scaled-250x250.png",250,250,true],"woocommerce_gallery_thumbnail":["https:\/\/saideeponline.com\/wp-content\/uploads\/2025\/05\/rare_earth_magnetic_rod-scaled-100x100.png",100,100,true]},"uagb_author_info":{"display_name":"lucentcg@gmail.com","author_link":"https:\/\/saideeponline.com\/es\/author\/"},"uagb_comment_info":0,"uagb_excerpt":"Saideep ha desarrollado la l\u00ednea m\u00e1s potente de separadores magn\u00e9ticos utilizando imanes de tierras raras. Las barras magn\u00e9ticas contienen en su interior imanes de tierras raras con una fuerza magn\u00e9tica de hasta 12000 Gauss. Estas barras pueden fabricarse en cualquier longitud requerida.","_links":{"self":[{"href":"https:\/\/saideeponline.com\/es\/wp-json\/wp\/v2\/product\/1858","targetHints":{"allow":["GET"]}}],"collection":[{"href":"https:\/\/saideeponline.com\/es\/wp-json\/wp\/v2\/product"}],"about":[{"href":"https:\/\/saideeponline.com\/es\/wp-json\/wp\/v2\/types\/product"}],"wp:featuredmedia":[{"embeddable":true,"href":"https:\/\/saideeponline.com\/es\/wp-json\/wp\/v2\/media\/891"}],"wp:attachment":[{"href":"https:\/\/saideeponline.com\/es\/wp-json\/wp\/v2\/media?parent=1858"}],"wp:term":[{"taxonomy":"product_brand","embeddable":true,"href":"https:\/\/saideeponline.com\/es\/wp-json\/wp\/v2\/product_brand?post=1858"},{"taxonomy":"product_cat","embeddable":true,"href":"https:\/\/saideeponline.com\/es\/wp-json\/wp\/v2\/product_cat?post=1858"},{"taxonomy":"product_tag","embeddable":true,"href":"https:\/\/saideeponline.com\/es\/wp-json\/wp\/v2\/product_tag?post=1858"}],"curies":[{"name":"wp","href":"https:\/\/api.w.org\/{rel}","templated":true}]}}