{"id":1853,"date":"2025-05-07T20:55:27","date_gmt":"2025-05-07T15:25:27","guid":{"rendered":"https:\/\/saideeponline.com\/product\/vibradores-de-alta-frecuencia\/"},"modified":"2025-05-07T20:55:27","modified_gmt":"2025-05-07T15:25:27","slug":"vibradores-de-alta-frecuencia","status":"publish","type":"product","link":"https:\/\/saideeponline.com\/es\/product\/vibradores-de-alta-frecuencia\/","title":{"rendered":"Vibradores de Alta Frecuencia"},"content":{"rendered":"<p>La compactaci\u00f3n del concreto es sumamente importante para la construcci\u00f3n de estructuras de alta calidad, duraderas e impermeables.<\/p>\n<p>Los <strong>vibradores el\u00e9ctricos externos<\/strong> para concreto (tambi\u00e9n conocidos como <strong>vibradores de encofrado<\/strong>) se utilizan para la compactaci\u00f3n de muros y columnas prefabricadas, canaletas prefabricadas, durmientes de concreto, etc. Estos vibradores se fijan a los moldes de encofrado y su alta frecuencia de vibraci\u00f3n ayuda a expulsar las burbujas de aire y los vac\u00edos, proporcionando una compactaci\u00f3n m\u00e1s densa y un acabado supremo a la estructura. <\/p>\n<p>Los <strong>vibradores neum\u00e1ticos externos de alta frecuencia<\/strong> para encofrados se utilizan en la construcci\u00f3n de segmentos de concreto para t\u00faneles, viaductos y puentes. Se colocan sobre el encofrado para brindar una compactaci\u00f3n s\u00f3lida del concreto, eliminando tambi\u00e9n las sopladuras y los vac\u00edos de aire. <\/p>\n","protected":false},"excerpt":{"rendered":"<p>Los <strong>vibradores externos neum\u00e1ticos y el\u00e9ctricos de alta frecuencia<\/strong> para encofrados se utilizan en la construcci\u00f3n de segmentos de concreto para t\u00faneles, viaductos y puentes.<\/p>\n","protected":false},"featured_media":845,"template":"","meta":{"_acf_changed":false,"_uag_custom_page_level_css":"","site-sidebar-layout":"default","site-content-layout":"","ast-site-content-layout":"default","site-content-style":"default","site-sidebar-style":"default","ast-global-header-display":"","ast-banner-title-visibility":"","ast-main-header-display":"","ast-hfb-above-header-display":"","ast-hfb-below-header-display":"","ast-hfb-mobile-header-display":"","site-post-title":"","ast-breadcrumbs-content":"","ast-featured-img":"","footer-sml-layout":"","ast-disable-related-posts":"","theme-transparent-header-meta":"default","adv-header-id-meta":"","stick-header-meta":"","header-above-stick-meta":"","header-main-stick-meta":"","header-below-stick-meta":"","astra-migrate-meta-layouts":"default","ast-page-background-enabled":"default","ast-page-background-meta":{"desktop":{"background-color":"var(--ast-global-color-5)","background-image":"","background-repeat":"repeat","background-position":"center center","background-size":"auto","background-attachment":"scroll","background-type":"","background-media":"","overlay-type":"","overlay-color":"","overlay-opacity":"","overlay-gradient":""},"tablet":{"background-color":"","background-image":"","background-repeat":"repeat","background-position":"center center","background-size":"auto","background-attachment":"scroll","background-type":"","background-media":"","overlay-type":"","overlay-color":"","overlay-opacity":"","overlay-gradient":""},"mobile":{"background-color":"","background-image":"","background-repeat":"repeat","background-position":"center center","background-size":"auto","background-attachment":"scroll","background-type":"","background-media":"","overlay-type":"","overlay-color":"","overlay-opacity":"","overlay-gradient":""}},"ast-content-background-meta":{"desktop":{"background-color":"var(--ast-global-color-4)","background-image":"","background-repeat":"repeat","background-position":"center center","background-size":"auto","background-attachment":"scroll","background-type":"","background-media":"","overlay-type":"","overlay-color":"","overlay-opacity":"","overlay-gradient":""},"tablet":{"background-color":"var(--ast-global-color-4)","background-image":"","background-repeat":"repeat","background-position":"center center","background-size":"auto","background-attachment":"scroll","background-type":"","background-media":"","overlay-type":"","overlay-color":"","overlay-opacity":"","overlay-gradient":""},"mobile":{"background-color":"var(--ast-global-color-4)","background-image":"","background-repeat":"repeat","background-position":"center center","background-size":"auto","background-attachment":"scroll","background-type":"","background-media":"","overlay-type":"","overlay-color":"","overlay-opacity":"","overlay-gradient":""}}},"product_brand":[],"product_cat":[580],"product_tag":[631,629,630],"class_list":{"0":"post-1853","1":"product","2":"type-product","3":"status-publish","4":"has-post-thumbnail","6":"product_cat-equipos-vibratorios","7":"product_tag-vibrador-de-encofrado","8":"product_tag-vibrador-externo-para-concreto","9":"product_tag-vibradores-de-alta-frecuencia","10":"desktop-align-left","11":"tablet-align-left","12":"mobile-align-left","14":"first","15":"instock","16":"shipping-taxable","17":"product-type-simple"},"acf":[],"uagb_featured_image_src":{"full":["https:\/\/saideeponline.com\/wp-content\/uploads\/2025\/08\/high_frequency_vibrator-scaled.webp",2560,2560,false],"thumbnail":["https:\/\/saideeponline.com\/wp-content\/uploads\/2025\/08\/high_frequency_vibrator-150x150.webp",150,150,true],"medium":["https:\/\/saideeponline.com\/wp-content\/uploads\/2025\/08\/high_frequency_vibrator-300x300.webp",300,300,true],"medium_large":["https:\/\/saideeponline.com\/wp-content\/uploads\/2025\/08\/high_frequency_vibrator-768x768.webp",768,768,true],"large":["https:\/\/saideeponline.com\/wp-content\/uploads\/2025\/08\/high_frequency_vibrator-1024x1024.webp",1024,1024,true],"1536x1536":["https:\/\/saideeponline.com\/wp-content\/uploads\/2025\/08\/high_frequency_vibrator-1536x1536.webp",1536,1536,true],"2048x2048":["https:\/\/saideeponline.com\/wp-content\/uploads\/2025\/08\/high_frequency_vibrator-2048x2048.webp",2048,2048,true],"woocommerce_thumbnail":["https:\/\/saideeponline.com\/wp-content\/uploads\/2025\/08\/high_frequency_vibrator-scaled-250x250.webp",250,250,true],"woocommerce_single":["https:\/\/saideeponline.com\/wp-content\/uploads\/2025\/08\/high_frequency_vibrator-scaled-250x250.webp",250,250,true],"woocommerce_gallery_thumbnail":["https:\/\/saideeponline.com\/wp-content\/uploads\/2025\/08\/high_frequency_vibrator-scaled-100x100.webp",100,100,true]},"uagb_author_info":{"display_name":"lucentcg@gmail.com","author_link":"https:\/\/saideeponline.com\/es\/author\/"},"uagb_comment_info":0,"uagb_excerpt":"Los vibradores externos neum\u00e1ticos y el\u00e9ctricos de alta frecuencia para encofrados se utilizan en la construcci\u00f3n de segmentos de concreto para t\u00faneles, viaductos y puentes.","_links":{"self":[{"href":"https:\/\/saideeponline.com\/es\/wp-json\/wp\/v2\/product\/1853","targetHints":{"allow":["GET"]}}],"collection":[{"href":"https:\/\/saideeponline.com\/es\/wp-json\/wp\/v2\/product"}],"about":[{"href":"https:\/\/saideeponline.com\/es\/wp-json\/wp\/v2\/types\/product"}],"wp:featuredmedia":[{"embeddable":true,"href":"https:\/\/saideeponline.com\/es\/wp-json\/wp\/v2\/media\/845"}],"wp:attachment":[{"href":"https:\/\/saideeponline.com\/es\/wp-json\/wp\/v2\/media?parent=1853"}],"wp:term":[{"taxonomy":"product_brand","embeddable":true,"href":"https:\/\/saideeponline.com\/es\/wp-json\/wp\/v2\/product_brand?post=1853"},{"taxonomy":"product_cat","embeddable":true,"href":"https:\/\/saideeponline.com\/es\/wp-json\/wp\/v2\/product_cat?post=1853"},{"taxonomy":"product_tag","embeddable":true,"href":"https:\/\/saideeponline.com\/es\/wp-json\/wp\/v2\/product_tag?post=1853"}],"curies":[{"name":"wp","href":"https:\/\/api.w.org\/{rel}","templated":true}]}}