{"id":1804,"date":"2025-05-07T21:46:41","date_gmt":"2025-05-07T16:16:41","guid":{"rendered":"https:\/\/saideeponline.com\/product\/mesa-vibratoria\/"},"modified":"2025-05-07T21:46:41","modified_gmt":"2025-05-07T16:16:41","slug":"mesa-vibratoria","status":"publish","type":"product","link":"https:\/\/saideeponline.com\/es\/product\/mesa-vibratoria\/","title":{"rendered":"Mesa Vibratoria"},"content":{"rendered":"","protected":false},"excerpt":{"rendered":"<p>La <strong>mesa vibratoria electromagn\u00e9tica<\/strong> consta de una placa base s\u00f3lida y una cubierta vibratoria. La plataforma superior vibra a 3000 vibraciones por minuto mediante un electroim\u00e1n alojado en su interior. Cada mesa se suministra con un panel de control que proporciona corriente pulsante al electroim\u00e1n y tambi\u00e9n controla la amplitud de la vibraci\u00f3n. El panel de control opera con 230 V.C.A. monof\u00e1sico.   <\/p>\n<p>Utilizada para la compactaci\u00f3n y empacado de productos. Pruebas de uniones soldadas. Eliminaci\u00f3n de vac\u00edos (burbujas de aire) en piezas moldeadas. Obtenci\u00f3n de uniformidad en piezas cer\u00e1micas moldeadas.   <\/p>\n","protected":false},"featured_media":1241,"template":"","meta":{"_acf_changed":false,"_uag_custom_page_level_css":"","site-sidebar-layout":"default","site-content-layout":"","ast-site-content-layout":"default","site-content-style":"default","site-sidebar-style":"default","ast-global-header-display":"","ast-banner-title-visibility":"","ast-main-header-display":"","ast-hfb-above-header-display":"","ast-hfb-below-header-display":"","ast-hfb-mobile-header-display":"","site-post-title":"","ast-breadcrumbs-content":"","ast-featured-img":"","footer-sml-layout":"","ast-disable-related-posts":"","theme-transparent-header-meta":"default","adv-header-id-meta":"","stick-header-meta":"","header-above-stick-meta":"","header-main-stick-meta":"","header-below-stick-meta":"","astra-migrate-meta-layouts":"default","ast-page-background-enabled":"default","ast-page-background-meta":{"desktop":{"background-color":"var(--ast-global-color-5)","background-image":"","background-repeat":"repeat","background-position":"center center","background-size":"auto","background-attachment":"scroll","background-type":"","background-media":"","overlay-type":"","overlay-color":"","overlay-opacity":"","overlay-gradient":""},"tablet":{"background-color":"","background-image":"","background-repeat":"repeat","background-position":"center center","background-size":"auto","background-attachment":"scroll","background-type":"","background-media":"","overlay-type":"","overlay-color":"","overlay-opacity":"","overlay-gradient":""},"mobile":{"background-color":"","background-image":"","background-repeat":"repeat","background-position":"center center","background-size":"auto","background-attachment":"scroll","background-type":"","background-media":"","overlay-type":"","overlay-color":"","overlay-opacity":"","overlay-gradient":""}},"ast-content-background-meta":{"desktop":{"background-color":"var(--ast-global-color-4)","background-image":"","background-repeat":"repeat","background-position":"center center","background-size":"auto","background-attachment":"scroll","background-type":"","background-media":"","overlay-type":"","overlay-color":"","overlay-opacity":"","overlay-gradient":""},"tablet":{"background-color":"var(--ast-global-color-4)","background-image":"","background-repeat":"repeat","background-position":"center center","background-size":"auto","background-attachment":"scroll","background-type":"","background-media":"","overlay-type":"","overlay-color":"","overlay-opacity":"","overlay-gradient":""},"mobile":{"background-color":"var(--ast-global-color-4)","background-image":"","background-repeat":"repeat","background-position":"center center","background-size":"auto","background-attachment":"scroll","background-type":"","background-media":"","overlay-type":"","overlay-color":"","overlay-opacity":"","overlay-gradient":""}}},"product_brand":[],"product_cat":[594],"product_tag":[628],"class_list":{"0":"post-1804","1":"product","2":"type-product","3":"status-publish","4":"has-post-thumbnail","6":"product_cat-equipos-electromagneticos","7":"product_tag-mesa-vibratoria","8":"desktop-align-left","9":"tablet-align-left","10":"mobile-align-left","12":"first","13":"instock","14":"shipping-taxable","15":"product-type-simple"},"acf":[],"uagb_featured_image_src":{"full":["https:\/\/saideeponline.com\/wp-content\/uploads\/2025\/09\/Electromagneting_Vibrating_Table-scaled.webp",2560,2560,false],"thumbnail":["https:\/\/saideeponline.com\/wp-content\/uploads\/2025\/09\/Electromagneting_Vibrating_Table-150x150.webp",150,150,true],"medium":["https:\/\/saideeponline.com\/wp-content\/uploads\/2025\/09\/Electromagneting_Vibrating_Table-300x300.webp",300,300,true],"medium_large":["https:\/\/saideeponline.com\/wp-content\/uploads\/2025\/09\/Electromagneting_Vibrating_Table-768x768.webp",768,768,true],"large":["https:\/\/saideeponline.com\/wp-content\/uploads\/2025\/09\/Electromagneting_Vibrating_Table-1024x1024.webp",1024,1024,true],"1536x1536":["https:\/\/saideeponline.com\/wp-content\/uploads\/2025\/09\/Electromagneting_Vibrating_Table-1536x1536.webp",1536,1536,true],"2048x2048":["https:\/\/saideeponline.com\/wp-content\/uploads\/2025\/09\/Electromagneting_Vibrating_Table-2048x2048.webp",2048,2048,true],"woocommerce_thumbnail":["https:\/\/saideeponline.com\/wp-content\/uploads\/2025\/09\/Electromagneting_Vibrating_Table-scaled-250x250.webp",250,250,true],"woocommerce_single":["https:\/\/saideeponline.com\/wp-content\/uploads\/2025\/09\/Electromagneting_Vibrating_Table-scaled-250x250.webp",250,250,true],"woocommerce_gallery_thumbnail":["https:\/\/saideeponline.com\/wp-content\/uploads\/2025\/09\/Electromagneting_Vibrating_Table-scaled-100x100.webp",100,100,true]},"uagb_author_info":{"display_name":"lucentcg@gmail.com","author_link":"https:\/\/saideeponline.com\/es\/author\/"},"uagb_comment_info":0,"uagb_excerpt":"La mesa vibratoria electromagn\u00e9tica consta de una placa base s\u00f3lida y una cubierta vibratoria. La plataforma superior vibra a 3000 vibraciones por minuto mediante un electroim\u00e1n alojado en su interior. Cada mesa se suministra con un panel de control que proporciona corriente pulsante al electroim\u00e1n y tambi\u00e9n controla la amplitud de la vibraci\u00f3n. El panel&hellip;","_links":{"self":[{"href":"https:\/\/saideeponline.com\/es\/wp-json\/wp\/v2\/product\/1804","targetHints":{"allow":["GET"]}}],"collection":[{"href":"https:\/\/saideeponline.com\/es\/wp-json\/wp\/v2\/product"}],"about":[{"href":"https:\/\/saideeponline.com\/es\/wp-json\/wp\/v2\/types\/product"}],"wp:featuredmedia":[{"embeddable":true,"href":"https:\/\/saideeponline.com\/es\/wp-json\/wp\/v2\/media\/1241"}],"wp:attachment":[{"href":"https:\/\/saideeponline.com\/es\/wp-json\/wp\/v2\/media?parent=1804"}],"wp:term":[{"taxonomy":"product_brand","embeddable":true,"href":"https:\/\/saideeponline.com\/es\/wp-json\/wp\/v2\/product_brand?post=1804"},{"taxonomy":"product_cat","embeddable":true,"href":"https:\/\/saideeponline.com\/es\/wp-json\/wp\/v2\/product_cat?post=1804"},{"taxonomy":"product_tag","embeddable":true,"href":"https:\/\/saideeponline.com\/es\/wp-json\/wp\/v2\/product_tag?post=1804"}],"curies":[{"name":"wp","href":"https:\/\/api.w.org\/{rel}","templated":true}]}}