{"id":1802,"date":"2025-05-07T21:45:21","date_gmt":"2025-05-07T16:15:21","guid":{"rendered":"https:\/\/saideeponline.com\/product\/alimentador-vibratorio\/"},"modified":"2025-05-07T21:45:21","modified_gmt":"2025-05-07T16:15:21","slug":"alimentador-vibratorio","status":"publish","type":"product","link":"https:\/\/saideeponline.com\/es\/product\/alimentador-vibratorio\/","title":{"rendered":"Alimentador Vibratorio"},"content":{"rendered":"","protected":false},"excerpt":{"rendered":"<p>El <strong>alimentador vibratorio electromagn\u00e9tico<\/strong> consta de una robusta bobina electromagn\u00e9tica de dise\u00f1o especial y una bandeja fabricada a medida en acero al carbono o acero inoxidable. La bandeja, que est\u00e1 conectada a la armadura del accionamiento, vibra cuando la bobina magn\u00e9tica se energiza. Esta vibraci\u00f3n pone el material en movimiento. Las vibraciones se pueden controlar mediante un controlador de voltaje variable para alimentadores vibratorios. La carcasa fundida que aloja el electroim\u00e1n tiene un dise\u00f1o totalmente cerrado para evitar la entrada y emisi\u00f3n de polvo.    <\/p>\n<p>De gran utilidad para cualquier industria de procesos continuos que requiera un flujo de material autom\u00e1tico y controlado.<\/p>\n","protected":false},"featured_media":880,"template":"","meta":{"_acf_changed":false,"_uag_custom_page_level_css":"","site-sidebar-layout":"default","site-content-layout":"","ast-site-content-layout":"default","site-content-style":"default","site-sidebar-style":"default","ast-global-header-display":"","ast-banner-title-visibility":"","ast-main-header-display":"","ast-hfb-above-header-display":"","ast-hfb-below-header-display":"","ast-hfb-mobile-header-display":"","site-post-title":"","ast-breadcrumbs-content":"","ast-featured-img":"","footer-sml-layout":"","ast-disable-related-posts":"","theme-transparent-header-meta":"default","adv-header-id-meta":"","stick-header-meta":"","header-above-stick-meta":"","header-main-stick-meta":"","header-below-stick-meta":"","astra-migrate-meta-layouts":"default","ast-page-background-enabled":"default","ast-page-background-meta":{"desktop":{"background-color":"var(--ast-global-color-5)","background-image":"","background-repeat":"repeat","background-position":"center center","background-size":"auto","background-attachment":"scroll","background-type":"","background-media":"","overlay-type":"","overlay-color":"","overlay-opacity":"","overlay-gradient":""},"tablet":{"background-color":"","background-image":"","background-repeat":"repeat","background-position":"center center","background-size":"auto","background-attachment":"scroll","background-type":"","background-media":"","overlay-type":"","overlay-color":"","overlay-opacity":"","overlay-gradient":""},"mobile":{"background-color":"","background-image":"","background-repeat":"repeat","background-position":"center center","background-size":"auto","background-attachment":"scroll","background-type":"","background-media":"","overlay-type":"","overlay-color":"","overlay-opacity":"","overlay-gradient":""}},"ast-content-background-meta":{"desktop":{"background-color":"var(--ast-global-color-4)","background-image":"","background-repeat":"repeat","background-position":"center center","background-size":"auto","background-attachment":"scroll","background-type":"","background-media":"","overlay-type":"","overlay-color":"","overlay-opacity":"","overlay-gradient":""},"tablet":{"background-color":"var(--ast-global-color-4)","background-image":"","background-repeat":"repeat","background-position":"center center","background-size":"auto","background-attachment":"scroll","background-type":"","background-media":"","overlay-type":"","overlay-color":"","overlay-opacity":"","overlay-gradient":""},"mobile":{"background-color":"var(--ast-global-color-4)","background-image":"","background-repeat":"repeat","background-position":"center center","background-size":"auto","background-attachment":"scroll","background-type":"","background-media":"","overlay-type":"","overlay-color":"","overlay-opacity":"","overlay-gradient":""}}},"product_brand":[],"product_cat":[594],"product_tag":[623,624,625,609,626,627],"class_list":{"0":"post-1802","1":"product","2":"type-product","3":"status-publish","4":"has-post-thumbnail","6":"product_cat-equipos-electromagneticos","7":"product_tag-alimentador-de-distribucion","8":"product_tag-alimentador-electromagnetico","9":"product_tag-alimentador-lineal","10":"product_tag-alimentador-vibratorio","11":"product_tag-alimentador-vibratorio-2","12":"product_tag-vibroalimentador","13":"desktop-align-left","14":"tablet-align-left","15":"mobile-align-left","17":"first","18":"instock","19":"shipping-taxable","20":"product-type-simple"},"acf":[],"uagb_featured_image_src":{"full":["https:\/\/saideeponline.com\/wp-content\/uploads\/2025\/05\/electromagnetic-vibro-feeder-scaled.png",2560,2560,false],"thumbnail":["https:\/\/saideeponline.com\/wp-content\/uploads\/2025\/05\/electromagnetic-vibro-feeder-150x150.png",150,150,true],"medium":["https:\/\/saideeponline.com\/wp-content\/uploads\/2025\/05\/electromagnetic-vibro-feeder-300x300.png",300,300,true],"medium_large":["https:\/\/saideeponline.com\/wp-content\/uploads\/2025\/05\/electromagnetic-vibro-feeder-768x768.png",768,768,true],"large":["https:\/\/saideeponline.com\/wp-content\/uploads\/2025\/05\/electromagnetic-vibro-feeder-1024x1024.png",1024,1024,true],"1536x1536":["https:\/\/saideeponline.com\/wp-content\/uploads\/2025\/05\/electromagnetic-vibro-feeder-1536x1536.png",1536,1536,true],"2048x2048":["https:\/\/saideeponline.com\/wp-content\/uploads\/2025\/05\/electromagnetic-vibro-feeder-2048x2048.png",2048,2048,true],"woocommerce_thumbnail":["https:\/\/saideeponline.com\/wp-content\/uploads\/2025\/05\/electromagnetic-vibro-feeder-scaled-250x250.png",250,250,true],"woocommerce_single":["https:\/\/saideeponline.com\/wp-content\/uploads\/2025\/05\/electromagnetic-vibro-feeder-scaled-250x250.png",250,250,true],"woocommerce_gallery_thumbnail":["https:\/\/saideeponline.com\/wp-content\/uploads\/2025\/05\/electromagnetic-vibro-feeder-scaled-100x100.png",100,100,true]},"uagb_author_info":{"display_name":"lucentcg@gmail.com","author_link":"https:\/\/saideeponline.com\/es\/author\/"},"uagb_comment_info":0,"uagb_excerpt":"El alimentador vibratorio electromagn\u00e9tico consta de una robusta bobina electromagn\u00e9tica de dise\u00f1o especial y una bandeja fabricada a medida en acero al carbono o acero inoxidable. La bandeja, que est\u00e1 conectada a la armadura del accionamiento, vibra cuando la bobina magn\u00e9tica se energiza. Esta vibraci\u00f3n pone el material en movimiento. Las vibraciones se pueden controlar&hellip;","_links":{"self":[{"href":"https:\/\/saideeponline.com\/es\/wp-json\/wp\/v2\/product\/1802","targetHints":{"allow":["GET"]}}],"collection":[{"href":"https:\/\/saideeponline.com\/es\/wp-json\/wp\/v2\/product"}],"about":[{"href":"https:\/\/saideeponline.com\/es\/wp-json\/wp\/v2\/types\/product"}],"wp:featuredmedia":[{"embeddable":true,"href":"https:\/\/saideeponline.com\/es\/wp-json\/wp\/v2\/media\/880"}],"wp:attachment":[{"href":"https:\/\/saideeponline.com\/es\/wp-json\/wp\/v2\/media?parent=1802"}],"wp:term":[{"taxonomy":"product_brand","embeddable":true,"href":"https:\/\/saideeponline.com\/es\/wp-json\/wp\/v2\/product_brand?post=1802"},{"taxonomy":"product_cat","embeddable":true,"href":"https:\/\/saideeponline.com\/es\/wp-json\/wp\/v2\/product_cat?post=1802"},{"taxonomy":"product_tag","embeddable":true,"href":"https:\/\/saideeponline.com\/es\/wp-json\/wp\/v2\/product_tag?post=1802"}],"curies":[{"name":"wp","href":"https:\/\/api.w.org\/{rel}","templated":true}]}}