{"id":1800,"date":"2025-05-07T21:17:11","date_gmt":"2025-05-07T15:47:11","guid":{"rendered":"https:\/\/saideeponline.com\/product\/elevador-espiral-vibratorio\/"},"modified":"2025-05-07T21:17:11","modified_gmt":"2025-05-07T15:47:11","slug":"elevador-espiral-vibratorio","status":"publish","type":"product","link":"https:\/\/saideeponline.com\/es\/product\/elevador-espiral-vibratorio\/","title":{"rendered":"Elevador Espiral Vibratorio"},"content":{"rendered":"<p><iframe loading=\"lazy\" title=\"Reproductor de video de YouTube\" src=\"https:\/\/www.youtube-nocookie.com\/embed\/wnvE7QrKaUQ?si=J3boh3f7ZARepy0t\" width=\"560\" height=\"315\" frameborder=\"0\" allowfullscreen=\"allowfullscreen\"><\/iframe><\/p>\n<p>Los transportadores espirales motorizados son de gran utilidad en las industrias del pl\u00e1stico, caucho, cer\u00e1mica, alimentos, farmac\u00e9utica, qu\u00edmica, fertilizantes y del vidrio. Adem\u00e1s, son ampliamente utilizados por la industria del Masterbatch (gr\u00e1nulos de pl\u00e1stico) para reducir la temperatura y eliminar el polvo de los gr\u00e1nulos. <\/p>\n","protected":false},"excerpt":{"rendered":"<p>El <strong>transportador espiral vertical motorizado<\/strong> consta de una serie de bandejas helicoidales fabricadas en acero al carbono y un cuerpo principal equipado con un motor vibratorio que est\u00e1 conectado a la secci\u00f3n superior de las bandejas. Al arrancar el motor, la vibraci\u00f3n impulsa el material en un movimiento ascendente en espiral. La carcasa del motor tiene un dise\u00f1o totalmente cerrado para evitar la emisi\u00f3n de polvo. La criba del transportador espiral motorizado funciona a una frecuencia est\u00e1ndar de 3000 vibraciones por minuto con una amplitud m\u00e1xima de 1.5 mm a 2 mm, dependiendo del tama\u00f1o de la criba.   <\/p>\n<p>De gran utilidad para cualquier industria de procesos continuos que requiera la elevaci\u00f3n vertical de materiales.<\/p>\n","protected":false},"featured_media":853,"template":"","meta":{"_acf_changed":false,"_uag_custom_page_level_css":"","site-sidebar-layout":"default","site-content-layout":"","ast-site-content-layout":"default","site-content-style":"default","site-sidebar-style":"default","ast-global-header-display":"","ast-banner-title-visibility":"","ast-main-header-display":"","ast-hfb-above-header-display":"","ast-hfb-below-header-display":"","ast-hfb-mobile-header-display":"","site-post-title":"","ast-breadcrumbs-content":"","ast-featured-img":"","footer-sml-layout":"","ast-disable-related-posts":"","theme-transparent-header-meta":"default","adv-header-id-meta":"","stick-header-meta":"","header-above-stick-meta":"","header-main-stick-meta":"","header-below-stick-meta":"","astra-migrate-meta-layouts":"default","ast-page-background-enabled":"default","ast-page-background-meta":{"desktop":{"background-color":"var(--ast-global-color-5)","background-image":"","background-repeat":"repeat","background-position":"center center","background-size":"auto","background-attachment":"scroll","background-type":"","background-media":"","overlay-type":"","overlay-color":"","overlay-opacity":"","overlay-gradient":""},"tablet":{"background-color":"","background-image":"","background-repeat":"repeat","background-position":"center center","background-size":"auto","background-attachment":"scroll","background-type":"","background-media":"","overlay-type":"","overlay-color":"","overlay-opacity":"","overlay-gradient":""},"mobile":{"background-color":"","background-image":"","background-repeat":"repeat","background-position":"center center","background-size":"auto","background-attachment":"scroll","background-type":"","background-media":"","overlay-type":"","overlay-color":"","overlay-opacity":"","overlay-gradient":""}},"ast-content-background-meta":{"desktop":{"background-color":"var(--ast-global-color-4)","background-image":"","background-repeat":"repeat","background-position":"center center","background-size":"auto","background-attachment":"scroll","background-type":"","background-media":"","overlay-type":"","overlay-color":"","overlay-opacity":"","overlay-gradient":""},"tablet":{"background-color":"var(--ast-global-color-4)","background-image":"","background-repeat":"repeat","background-position":"center center","background-size":"auto","background-attachment":"scroll","background-type":"","background-media":"","overlay-type":"","overlay-color":"","overlay-opacity":"","overlay-gradient":""},"mobile":{"background-color":"var(--ast-global-color-4)","background-image":"","background-repeat":"repeat","background-position":"center center","background-size":"auto","background-attachment":"scroll","background-type":"","background-media":"","overlay-type":"","overlay-color":"","overlay-opacity":"","overlay-gradient":""}}},"product_brand":[],"product_cat":[580],"product_tag":[622,621],"class_list":{"0":"post-1800","1":"product","2":"type-product","3":"status-publish","4":"has-post-thumbnail","6":"product_cat-equipos-vibratorios","7":"product_tag-elevador-espiral-vibratorio","8":"product_tag-transportador-espiral-vibratorio","9":"desktop-align-left","10":"tablet-align-left","11":"mobile-align-left","13":"first","14":"instock","15":"shipping-taxable","16":"product-type-simple"},"acf":[],"uagb_featured_image_src":{"full":["https:\/\/saideeponline.com\/wp-content\/uploads\/2025\/08\/vibrating_spiral_elevator-scaled.webp",2560,2560,false],"thumbnail":["https:\/\/saideeponline.com\/wp-content\/uploads\/2025\/08\/vibrating_spiral_elevator-150x150.webp",150,150,true],"medium":["https:\/\/saideeponline.com\/wp-content\/uploads\/2025\/08\/vibrating_spiral_elevator-300x300.webp",300,300,true],"medium_large":["https:\/\/saideeponline.com\/wp-content\/uploads\/2025\/08\/vibrating_spiral_elevator-768x768.webp",768,768,true],"large":["https:\/\/saideeponline.com\/wp-content\/uploads\/2025\/08\/vibrating_spiral_elevator-1024x1024.webp",1024,1024,true],"1536x1536":["https:\/\/saideeponline.com\/wp-content\/uploads\/2025\/08\/vibrating_spiral_elevator-1536x1536.webp",1536,1536,true],"2048x2048":["https:\/\/saideeponline.com\/wp-content\/uploads\/2025\/08\/vibrating_spiral_elevator-2048x2048.webp",2048,2048,true],"woocommerce_thumbnail":["https:\/\/saideeponline.com\/wp-content\/uploads\/2025\/08\/vibrating_spiral_elevator-scaled-250x250.webp",250,250,true],"woocommerce_single":["https:\/\/saideeponline.com\/wp-content\/uploads\/2025\/08\/vibrating_spiral_elevator-scaled-250x250.webp",250,250,true],"woocommerce_gallery_thumbnail":["https:\/\/saideeponline.com\/wp-content\/uploads\/2025\/08\/vibrating_spiral_elevator-scaled-100x100.webp",100,100,true]},"uagb_author_info":{"display_name":"lucentcg@gmail.com","author_link":"https:\/\/saideeponline.com\/es\/author\/"},"uagb_comment_info":0,"uagb_excerpt":"El transportador espiral vertical motorizado consta de una serie de bandejas helicoidales fabricadas en acero al carbono y un cuerpo principal equipado con un motor vibratorio que est\u00e1 conectado a la secci\u00f3n superior de las bandejas. Al arrancar el motor, la vibraci\u00f3n impulsa el material en un movimiento ascendente en espiral. La carcasa del motor&hellip;","_links":{"self":[{"href":"https:\/\/saideeponline.com\/es\/wp-json\/wp\/v2\/product\/1800","targetHints":{"allow":["GET"]}}],"collection":[{"href":"https:\/\/saideeponline.com\/es\/wp-json\/wp\/v2\/product"}],"about":[{"href":"https:\/\/saideeponline.com\/es\/wp-json\/wp\/v2\/types\/product"}],"wp:featuredmedia":[{"embeddable":true,"href":"https:\/\/saideeponline.com\/es\/wp-json\/wp\/v2\/media\/853"}],"wp:attachment":[{"href":"https:\/\/saideeponline.com\/es\/wp-json\/wp\/v2\/media?parent=1800"}],"wp:term":[{"taxonomy":"product_brand","embeddable":true,"href":"https:\/\/saideeponline.com\/es\/wp-json\/wp\/v2\/product_brand?post=1800"},{"taxonomy":"product_cat","embeddable":true,"href":"https:\/\/saideeponline.com\/es\/wp-json\/wp\/v2\/product_cat?post=1800"},{"taxonomy":"product_tag","embeddable":true,"href":"https:\/\/saideeponline.com\/es\/wp-json\/wp\/v2\/product_tag?post=1800"}],"curies":[{"name":"wp","href":"https:\/\/api.w.org\/{rel}","templated":true}]}}