{"id":1798,"date":"2025-05-07T21:15:40","date_gmt":"2025-05-07T15:45:40","guid":{"rendered":"https:\/\/saideeponline.com\/product\/zaranda-vibratoria-rectangular\/"},"modified":"2025-05-07T21:15:40","modified_gmt":"2025-05-07T15:45:40","slug":"zaranda-vibratoria-rectangular","status":"publish","type":"product","link":"https:\/\/saideeponline.com\/es\/product\/zaranda-vibratoria-rectangular\/","title":{"rendered":"Zaranda Vibratoria Rectangular"},"content":{"rendered":"<p><iframe loading=\"lazy\" title=\"Reproductor de video de YouTube\" src=\"https:\/\/www.youtube-nocookie.com\/embed\/fdYSc2BdVno?si=A035BPCfonrvsXFk\" width=\"560\" height=\"315\" frameborder=\"0\" allowfullscreen=\"allowfullscreen\"><\/iframe><\/p>\n<h3>Beneficios Clave<\/h3>\n<ul type=\"disc\">\n<li class=\"calibri\">Alta capacidad de manejo de fluidos.<\/li>\n<li class=\"calibri\">Ideal para lodos diluidos y\/o aplicaciones con bajas cantidades de material de rechazo (sobretama\u00f1o), tales como cribado de desbaste o mallas para retenci\u00f3n de residuos.<\/li>\n<li class=\"calibri\">Adecuado para la eliminaci\u00f3n de gravilla u otros contaminantes en lodos viscosos.<\/li>\n<li class=\"calibri\">Las aberturas de las mallas pueden variar desde 3\/8 de pulgada (10 mm) hasta malla 400 (38 micras).<\/li>\n<li class=\"calibri\">Bajos requerimientos de espacio vertical.<\/li>\n<li class=\"calibri\">Acci\u00f3n de transporte rectil\u00ednea y uniforme.<\/li>\n<li class=\"calibri\">Las superficies de malla de poliuretano de alta \u00e1rea abierta, o los diversos dise\u00f1os de malla tejida, minimizan o eliminan la colmataci\u00f3n (cegamiento) de la malla.<\/li>\n<\/ul>\n","protected":false},"excerpt":{"rendered":"<p>Las <strong>zarandas vibratorias rectangulares &#8220;SAIDEEP&#8221;<\/strong> ofrecen un enfoque altamente eficiente para el tamizado. Este desarrollo \u00fanico ha dado lugar a enormes ventajas en cuanto a la reducci\u00f3n de mantenimiento, compacidad y simplicidad. Adem\u00e1s de la simplicidad de su sistema de accionamiento, se han incorporado muchas otras caracter\u00edsticas para ofrecer una m\u00e1quina dise\u00f1ada espec\u00edficamente para aplicaciones de trabajo pesado, larga vida \u00fatil y bajos costos operativos y de mantenimiento, a un precio competitivo. La gama est\u00e1ndar de cribas se presenta m\u00e1s adelante en el cat\u00e1logo, y normalmente se encuentran disponibles para entrega a corto plazo.   <\/p>\n","protected":false},"featured_media":851,"template":"","meta":{"_acf_changed":false,"_uag_custom_page_level_css":"","site-sidebar-layout":"default","site-content-layout":"","ast-site-content-layout":"default","site-content-style":"default","site-sidebar-style":"default","ast-global-header-display":"","ast-banner-title-visibility":"","ast-main-header-display":"","ast-hfb-above-header-display":"","ast-hfb-below-header-display":"","ast-hfb-mobile-header-display":"","site-post-title":"","ast-breadcrumbs-content":"","ast-featured-img":"","footer-sml-layout":"","ast-disable-related-posts":"","theme-transparent-header-meta":"default","adv-header-id-meta":"","stick-header-meta":"","header-above-stick-meta":"","header-main-stick-meta":"","header-below-stick-meta":"","astra-migrate-meta-layouts":"default","ast-page-background-enabled":"default","ast-page-background-meta":{"desktop":{"background-color":"var(--ast-global-color-5)","background-image":"","background-repeat":"repeat","background-position":"center center","background-size":"auto","background-attachment":"scroll","background-type":"","background-media":"","overlay-type":"","overlay-color":"","overlay-opacity":"","overlay-gradient":""},"tablet":{"background-color":"","background-image":"","background-repeat":"repeat","background-position":"center center","background-size":"auto","background-attachment":"scroll","background-type":"","background-media":"","overlay-type":"","overlay-color":"","overlay-opacity":"","overlay-gradient":""},"mobile":{"background-color":"","background-image":"","background-repeat":"repeat","background-position":"center center","background-size":"auto","background-attachment":"scroll","background-type":"","background-media":"","overlay-type":"","overlay-color":"","overlay-opacity":"","overlay-gradient":""}},"ast-content-background-meta":{"desktop":{"background-color":"var(--ast-global-color-4)","background-image":"","background-repeat":"repeat","background-position":"center center","background-size":"auto","background-attachment":"scroll","background-type":"","background-media":"","overlay-type":"","overlay-color":"","overlay-opacity":"","overlay-gradient":""},"tablet":{"background-color":"var(--ast-global-color-4)","background-image":"","background-repeat":"repeat","background-position":"center center","background-size":"auto","background-attachment":"scroll","background-type":"","background-media":"","overlay-type":"","overlay-color":"","overlay-opacity":"","overlay-gradient":""},"mobile":{"background-color":"var(--ast-global-color-4)","background-image":"","background-repeat":"repeat","background-position":"center center","background-size":"auto","background-attachment":"scroll","background-type":"","background-media":"","overlay-type":"","overlay-color":"","overlay-opacity":"","overlay-gradient":""}}},"product_brand":[],"product_cat":[580],"product_tag":[615,619,617,620,616,618],"class_list":{"0":"post-1798","1":"product","2":"type-product","3":"status-publish","4":"has-post-thumbnail","6":"product_cat-equipos-vibratorios","7":"product_tag-criba-grizzly","8":"product_tag-criba-rectangular-vibratoria","9":"product_tag-criba-vibratoria-lineal","10":"product_tag-zaranda-vibratoria-de-lodos","11":"product_tag-zaranda-vibratoria-lineal","12":"product_tag-zaranda-vibratoria-rectangular","13":"desktop-align-left","14":"tablet-align-left","15":"mobile-align-left","17":"first","18":"instock","19":"shipping-taxable","20":"product-type-simple"},"acf":[],"uagb_featured_image_src":{"full":["https:\/\/saideeponline.com\/wp-content\/uploads\/2025\/08\/rectangular_vibrating_screen-scaled.webp",2560,2560,false],"thumbnail":["https:\/\/saideeponline.com\/wp-content\/uploads\/2025\/08\/rectangular_vibrating_screen-150x150.webp",150,150,true],"medium":["https:\/\/saideeponline.com\/wp-content\/uploads\/2025\/08\/rectangular_vibrating_screen-300x300.webp",300,300,true],"medium_large":["https:\/\/saideeponline.com\/wp-content\/uploads\/2025\/08\/rectangular_vibrating_screen-768x768.webp",768,768,true],"large":["https:\/\/saideeponline.com\/wp-content\/uploads\/2025\/08\/rectangular_vibrating_screen-1024x1024.webp",1024,1024,true],"1536x1536":["https:\/\/saideeponline.com\/wp-content\/uploads\/2025\/08\/rectangular_vibrating_screen-1536x1536.webp",1536,1536,true],"2048x2048":["https:\/\/saideeponline.com\/wp-content\/uploads\/2025\/08\/rectangular_vibrating_screen-2048x2048.webp",2048,2048,true],"woocommerce_thumbnail":["https:\/\/saideeponline.com\/wp-content\/uploads\/2025\/08\/rectangular_vibrating_screen-scaled-250x250.webp",250,250,true],"woocommerce_single":["https:\/\/saideeponline.com\/wp-content\/uploads\/2025\/08\/rectangular_vibrating_screen-scaled-250x250.webp",250,250,true],"woocommerce_gallery_thumbnail":["https:\/\/saideeponline.com\/wp-content\/uploads\/2025\/08\/rectangular_vibrating_screen-scaled-100x100.webp",100,100,true]},"uagb_author_info":{"display_name":"lucentcg@gmail.com","author_link":"https:\/\/saideeponline.com\/es\/author\/"},"uagb_comment_info":0,"uagb_excerpt":"Las zarandas vibratorias rectangulares \"SAIDEEP\" ofrecen un enfoque altamente eficiente para el tamizado. Este desarrollo \u00fanico ha dado lugar a enormes ventajas en cuanto a la reducci\u00f3n de mantenimiento, compacidad y simplicidad. Adem\u00e1s de la simplicidad de su sistema de accionamiento, se han incorporado muchas otras caracter\u00edsticas para ofrecer una m\u00e1quina dise\u00f1ada espec\u00edficamente para aplicaciones&hellip;","_links":{"self":[{"href":"https:\/\/saideeponline.com\/es\/wp-json\/wp\/v2\/product\/1798","targetHints":{"allow":["GET"]}}],"collection":[{"href":"https:\/\/saideeponline.com\/es\/wp-json\/wp\/v2\/product"}],"about":[{"href":"https:\/\/saideeponline.com\/es\/wp-json\/wp\/v2\/types\/product"}],"wp:featuredmedia":[{"embeddable":true,"href":"https:\/\/saideeponline.com\/es\/wp-json\/wp\/v2\/media\/851"}],"wp:attachment":[{"href":"https:\/\/saideeponline.com\/es\/wp-json\/wp\/v2\/media?parent=1798"}],"wp:term":[{"taxonomy":"product_brand","embeddable":true,"href":"https:\/\/saideeponline.com\/es\/wp-json\/wp\/v2\/product_brand?post=1798"},{"taxonomy":"product_cat","embeddable":true,"href":"https:\/\/saideeponline.com\/es\/wp-json\/wp\/v2\/product_cat?post=1798"},{"taxonomy":"product_tag","embeddable":true,"href":"https:\/\/saideeponline.com\/es\/wp-json\/wp\/v2\/product_tag?post=1798"}],"curies":[{"name":"wp","href":"https:\/\/api.w.org\/{rel}","templated":true}]}}