{"id":1796,"date":"2025-05-07T22:03:36","date_gmt":"2025-05-07T16:33:36","guid":{"rendered":"https:\/\/saideeponline.com\/product\/separadores-magneticos-de-tambor-humedo\/"},"modified":"2025-05-07T22:03:36","modified_gmt":"2025-05-07T16:33:36","slug":"separadores-magneticos-de-tambor-humedo","status":"publish","type":"product","link":"https:\/\/saideeponline.com\/es\/product\/separadores-magneticos-de-tambor-humedo\/","title":{"rendered":"Separadores Magn\u00e9ticos de Tambor H\u00famedo"},"content":{"rendered":"<p>Solo un lado del tambor magn\u00e9tico est\u00e1 magnetizado y el otro lado no lo est\u00e1. La carcasa de acero inoxidable 304 que rodea al im\u00e1n gira libremente, mientras que el im\u00e1n permanece fijo. Las part\u00edculas ferrosas que son atra\u00eddas por el im\u00e1n se recolectan por separado.  <\/p>\n","protected":false},"excerpt":{"rendered":"<p>El separador magn\u00e9tico de tambor h\u00famedo se utiliza idealmente para separar part\u00edculas ferrosas de part\u00edculas no ferrosas. Est\u00e1n fabricados por nosotros para brindar la m\u00e1xima protecci\u00f3n a trituradoras, molinos, pulverizadores y equipos afines, siendo de gran utilidad para la miner\u00eda y la industria de procesamiento de minerales. Su dise\u00f1o permite que un lado est\u00e9 magnetizado y el otro no.  <\/p>\n","protected":false},"featured_media":889,"template":"","meta":{"_acf_changed":false,"_uag_custom_page_level_css":"","site-sidebar-layout":"default","site-content-layout":"","ast-site-content-layout":"default","site-content-style":"default","site-sidebar-style":"default","ast-global-header-display":"","ast-banner-title-visibility":"","ast-main-header-display":"","ast-hfb-above-header-display":"","ast-hfb-below-header-display":"","ast-hfb-mobile-header-display":"","site-post-title":"","ast-breadcrumbs-content":"","ast-featured-img":"","footer-sml-layout":"","ast-disable-related-posts":"","theme-transparent-header-meta":"default","adv-header-id-meta":"","stick-header-meta":"","header-above-stick-meta":"","header-main-stick-meta":"","header-below-stick-meta":"","astra-migrate-meta-layouts":"default","ast-page-background-enabled":"default","ast-page-background-meta":{"desktop":{"background-color":"var(--ast-global-color-5)","background-image":"","background-repeat":"repeat","background-position":"center center","background-size":"auto","background-attachment":"scroll","background-type":"","background-media":"","overlay-type":"","overlay-color":"","overlay-opacity":"","overlay-gradient":""},"tablet":{"background-color":"","background-image":"","background-repeat":"repeat","background-position":"center center","background-size":"auto","background-attachment":"scroll","background-type":"","background-media":"","overlay-type":"","overlay-color":"","overlay-opacity":"","overlay-gradient":""},"mobile":{"background-color":"","background-image":"","background-repeat":"repeat","background-position":"center center","background-size":"auto","background-attachment":"scroll","background-type":"","background-media":"","overlay-type":"","overlay-color":"","overlay-opacity":"","overlay-gradient":""}},"ast-content-background-meta":{"desktop":{"background-color":"var(--ast-global-color-4)","background-image":"","background-repeat":"repeat","background-position":"center center","background-size":"auto","background-attachment":"scroll","background-type":"","background-media":"","overlay-type":"","overlay-color":"","overlay-opacity":"","overlay-gradient":""},"tablet":{"background-color":"var(--ast-global-color-4)","background-image":"","background-repeat":"repeat","background-position":"center center","background-size":"auto","background-attachment":"scroll","background-type":"","background-media":"","overlay-type":"","overlay-color":"","overlay-opacity":"","overlay-gradient":""},"mobile":{"background-color":"var(--ast-global-color-4)","background-image":"","background-repeat":"repeat","background-position":"center center","background-size":"auto","background-attachment":"scroll","background-type":"","background-media":"","overlay-type":"","overlay-color":"","overlay-opacity":"","overlay-gradient":""}}},"product_brand":[],"product_cat":[582],"product_tag":[611,612,614,613],"class_list":{"0":"post-1796","1":"product","2":"type-product","3":"status-publish","4":"has-post-thumbnail","6":"product_cat-equipos-magneticos","7":"product_tag-iman-de-tambor","8":"product_tag-iman-para-minerales","9":"product_tag-imanes-de-tambor-humedo","10":"product_tag-imanes-para-mineria","11":"desktop-align-left","12":"tablet-align-left","13":"mobile-align-left","15":"first","16":"instock","17":"shipping-taxable","18":"product-type-simple"},"acf":[],"uagb_featured_image_src":{"full":["https:\/\/saideeponline.com\/wp-content\/uploads\/2025\/05\/wet_drum_magnetic_separator-scaled.png",2560,2560,false],"thumbnail":["https:\/\/saideeponline.com\/wp-content\/uploads\/2025\/05\/wet_drum_magnetic_separator-150x150.png",150,150,true],"medium":["https:\/\/saideeponline.com\/wp-content\/uploads\/2025\/05\/wet_drum_magnetic_separator-300x300.png",300,300,true],"medium_large":["https:\/\/saideeponline.com\/wp-content\/uploads\/2025\/05\/wet_drum_magnetic_separator-768x768.png",768,768,true],"large":["https:\/\/saideeponline.com\/wp-content\/uploads\/2025\/05\/wet_drum_magnetic_separator-1024x1024.png",1024,1024,true],"1536x1536":["https:\/\/saideeponline.com\/wp-content\/uploads\/2025\/05\/wet_drum_magnetic_separator-1536x1536.png",1536,1536,true],"2048x2048":["https:\/\/saideeponline.com\/wp-content\/uploads\/2025\/05\/wet_drum_magnetic_separator-2048x2048.png",2048,2048,true],"woocommerce_thumbnail":["https:\/\/saideeponline.com\/wp-content\/uploads\/2025\/05\/wet_drum_magnetic_separator-scaled-250x250.png",250,250,true],"woocommerce_single":["https:\/\/saideeponline.com\/wp-content\/uploads\/2025\/05\/wet_drum_magnetic_separator-scaled-250x250.png",250,250,true],"woocommerce_gallery_thumbnail":["https:\/\/saideeponline.com\/wp-content\/uploads\/2025\/05\/wet_drum_magnetic_separator-scaled-100x100.png",100,100,true]},"uagb_author_info":{"display_name":"lucentcg@gmail.com","author_link":"https:\/\/saideeponline.com\/es\/author\/"},"uagb_comment_info":0,"uagb_excerpt":"El separador magn\u00e9tico de tambor h\u00famedo se utiliza idealmente para separar part\u00edculas ferrosas de part\u00edculas no ferrosas. Est\u00e1n fabricados por nosotros para brindar la m\u00e1xima protecci\u00f3n a trituradoras, molinos, pulverizadores y equipos afines, siendo de gran utilidad para la miner\u00eda y la industria de procesamiento de minerales. Su dise\u00f1o permite que un lado est\u00e9 magnetizado&hellip;","_links":{"self":[{"href":"https:\/\/saideeponline.com\/es\/wp-json\/wp\/v2\/product\/1796","targetHints":{"allow":["GET"]}}],"collection":[{"href":"https:\/\/saideeponline.com\/es\/wp-json\/wp\/v2\/product"}],"about":[{"href":"https:\/\/saideeponline.com\/es\/wp-json\/wp\/v2\/types\/product"}],"wp:featuredmedia":[{"embeddable":true,"href":"https:\/\/saideeponline.com\/es\/wp-json\/wp\/v2\/media\/889"}],"wp:attachment":[{"href":"https:\/\/saideeponline.com\/es\/wp-json\/wp\/v2\/media?parent=1796"}],"wp:term":[{"taxonomy":"product_brand","embeddable":true,"href":"https:\/\/saideeponline.com\/es\/wp-json\/wp\/v2\/product_brand?post=1796"},{"taxonomy":"product_cat","embeddable":true,"href":"https:\/\/saideeponline.com\/es\/wp-json\/wp\/v2\/product_cat?post=1796"},{"taxonomy":"product_tag","embeddable":true,"href":"https:\/\/saideeponline.com\/es\/wp-json\/wp\/v2\/product_tag?post=1796"}],"curies":[{"name":"wp","href":"https:\/\/api.w.org\/{rel}","templated":true}]}}