{"id":1791,"date":"2025-05-07T21:13:01","date_gmt":"2025-05-07T15:43:01","guid":{"rendered":"https:\/\/saideeponline.com\/product\/alimentador-vibratorio-transportador\/"},"modified":"2025-05-07T21:13:01","modified_gmt":"2025-05-07T15:43:01","slug":"alimentador-vibratorio-transportador","status":"publish","type":"product","link":"https:\/\/saideeponline.com\/es\/product\/alimentador-vibratorio-transportador\/","title":{"rendered":"Alimentador Vibratorio | Transportador"},"content":{"rendered":"<p><iframe loading=\"lazy\" title=\"Reproductor de video de YouTube\" src=\"https:\/\/www.youtube.com\/embed\/nOTwjOsfD1Y?si=pKT5aFr8rRvJBIlS\" width=\"560\" height=\"315\" frameborder=\"0\" allowfullscreen=\"allowfullscreen\"><\/iframe><\/p>\n<p>Los alimentadores vibratorios electromec\u00e1nicos son robustos, libres de mantenimiento y de alta durabilidad. Estos alimentadores tienen la capacidad de proporcionar una alimentaci\u00f3n de material de alto rendimiento con mayores amplitudes. Sus dise\u00f1os flexibles y a medida ayudan a lograr y satisfacer las demandas espec\u00edficas de cada producto.  <\/p>\n","protected":false},"excerpt":{"rendered":"<p>El <strong>transportador vibratorio motorizado<\/strong> consta de una bandeja horizontal fabricada en acero al carbono o acero inoxidable. La bandeja horizontal est\u00e1 fijada al bastidor, y las vibraciones son generadas por dos motores desbalanceados especiales montados a ambos lados de la bandeja. El conjunto completo de la bandeja con los motores descansa sobre un sistema de resortes helicoidales, de modo que no se transmiten vibraciones al soporte ni al suelo. Al encender el motor, se inicia el movimiento vibratorio. El control de las vibraciones permite un flujo controlado del material. La carcasa del motor tiene un dise\u00f1o totalmente cerrado.     <\/p>\n<p>De gran utilidad para cualquier industria de procesos continuos que requiera el transporte a granel de materiales o polvos.<\/p>\n","protected":false},"featured_media":856,"template":"","meta":{"_acf_changed":false,"_uag_custom_page_level_css":"","site-sidebar-layout":"default","site-content-layout":"","ast-site-content-layout":"default","site-content-style":"default","site-sidebar-style":"default","ast-global-header-display":"","ast-banner-title-visibility":"","ast-main-header-display":"","ast-hfb-above-header-display":"","ast-hfb-below-header-display":"","ast-hfb-mobile-header-display":"","site-post-title":"","ast-breadcrumbs-content":"","ast-featured-img":"","footer-sml-layout":"","ast-disable-related-posts":"","theme-transparent-header-meta":"default","adv-header-id-meta":"","stick-header-meta":"","header-above-stick-meta":"","header-main-stick-meta":"","header-below-stick-meta":"","astra-migrate-meta-layouts":"default","ast-page-background-enabled":"default","ast-page-background-meta":{"desktop":{"background-color":"var(--ast-global-color-5)","background-image":"","background-repeat":"repeat","background-position":"center center","background-size":"auto","background-attachment":"scroll","background-type":"","background-media":"","overlay-type":"","overlay-color":"","overlay-opacity":"","overlay-gradient":""},"tablet":{"background-color":"","background-image":"","background-repeat":"repeat","background-position":"center center","background-size":"auto","background-attachment":"scroll","background-type":"","background-media":"","overlay-type":"","overlay-color":"","overlay-opacity":"","overlay-gradient":""},"mobile":{"background-color":"","background-image":"","background-repeat":"repeat","background-position":"center center","background-size":"auto","background-attachment":"scroll","background-type":"","background-media":"","overlay-type":"","overlay-color":"","overlay-opacity":"","overlay-gradient":""}},"ast-content-background-meta":{"desktop":{"background-color":"var(--ast-global-color-4)","background-image":"","background-repeat":"repeat","background-position":"center center","background-size":"auto","background-attachment":"scroll","background-type":"","background-media":"","overlay-type":"","overlay-color":"","overlay-opacity":"","overlay-gradient":""},"tablet":{"background-color":"var(--ast-global-color-4)","background-image":"","background-repeat":"repeat","background-position":"center center","background-size":"auto","background-attachment":"scroll","background-type":"","background-media":"","overlay-type":"","overlay-color":"","overlay-opacity":"","overlay-gradient":""},"mobile":{"background-color":"var(--ast-global-color-4)","background-image":"","background-repeat":"repeat","background-position":"center center","background-size":"auto","background-attachment":"scroll","background-type":"","background-media":"","overlay-type":"","overlay-color":"","overlay-opacity":"","overlay-gradient":""}}},"product_brand":[],"product_cat":[580],"product_tag":[609,606,607,608],"class_list":{"0":"post-1791","1":"product","2":"type-product","3":"status-publish","4":"has-post-thumbnail","6":"product_cat-equipos-vibratorios","7":"product_tag-alimentador-vibratorio","8":"product_tag-alimentador-vibratorio-electromecanico","9":"product_tag-transportador-tubular","10":"product_tag-transportador-vibratorio","11":"desktop-align-left","12":"tablet-align-left","13":"mobile-align-left","15":"first","16":"instock","17":"shipping-taxable","18":"product-type-simple"},"acf":[],"uagb_featured_image_src":{"full":["https:\/\/saideeponline.com\/wp-content\/uploads\/2025\/08\/vibrating_feeder-scaled.png",2560,2560,false],"thumbnail":["https:\/\/saideeponline.com\/wp-content\/uploads\/2025\/08\/vibrating_feeder-150x150.png",150,150,true],"medium":["https:\/\/saideeponline.com\/wp-content\/uploads\/2025\/08\/vibrating_feeder-300x300.png",300,300,true],"medium_large":["https:\/\/saideeponline.com\/wp-content\/uploads\/2025\/08\/vibrating_feeder-768x768.png",768,768,true],"large":["https:\/\/saideeponline.com\/wp-content\/uploads\/2025\/08\/vibrating_feeder-1024x1024.png",1024,1024,true],"1536x1536":["https:\/\/saideeponline.com\/wp-content\/uploads\/2025\/08\/vibrating_feeder-1536x1536.png",1536,1536,true],"2048x2048":["https:\/\/saideeponline.com\/wp-content\/uploads\/2025\/08\/vibrating_feeder-2048x2048.png",2048,2048,true],"woocommerce_thumbnail":["https:\/\/saideeponline.com\/wp-content\/uploads\/2025\/08\/vibrating_feeder-scaled-250x250.png",250,250,true],"woocommerce_single":["https:\/\/saideeponline.com\/wp-content\/uploads\/2025\/08\/vibrating_feeder-scaled-250x250.png",250,250,true],"woocommerce_gallery_thumbnail":["https:\/\/saideeponline.com\/wp-content\/uploads\/2025\/08\/vibrating_feeder-scaled-100x100.png",100,100,true]},"uagb_author_info":{"display_name":"lucentcg@gmail.com","author_link":"https:\/\/saideeponline.com\/es\/author\/"},"uagb_comment_info":0,"uagb_excerpt":"El transportador vibratorio motorizado consta de una bandeja horizontal fabricada en acero al carbono o acero inoxidable. La bandeja horizontal est\u00e1 fijada al bastidor, y las vibraciones son generadas por dos motores desbalanceados especiales montados a ambos lados de la bandeja. El conjunto completo de la bandeja con los motores descansa sobre un sistema de&hellip;","_links":{"self":[{"href":"https:\/\/saideeponline.com\/es\/wp-json\/wp\/v2\/product\/1791","targetHints":{"allow":["GET"]}}],"collection":[{"href":"https:\/\/saideeponline.com\/es\/wp-json\/wp\/v2\/product"}],"about":[{"href":"https:\/\/saideeponline.com\/es\/wp-json\/wp\/v2\/types\/product"}],"wp:featuredmedia":[{"embeddable":true,"href":"https:\/\/saideeponline.com\/es\/wp-json\/wp\/v2\/media\/856"}],"wp:attachment":[{"href":"https:\/\/saideeponline.com\/es\/wp-json\/wp\/v2\/media?parent=1791"}],"wp:term":[{"taxonomy":"product_brand","embeddable":true,"href":"https:\/\/saideeponline.com\/es\/wp-json\/wp\/v2\/product_brand?post=1791"},{"taxonomy":"product_cat","embeddable":true,"href":"https:\/\/saideeponline.com\/es\/wp-json\/wp\/v2\/product_cat?post=1791"},{"taxonomy":"product_tag","embeddable":true,"href":"https:\/\/saideeponline.com\/es\/wp-json\/wp\/v2\/product_tag?post=1791"}],"curies":[{"name":"wp","href":"https:\/\/api.w.org\/{rel}","templated":true}]}}