{"id":1785,"date":"2025-05-07T21:43:45","date_gmt":"2025-05-07T16:13:45","guid":{"rendered":"https:\/\/saideeponline.com\/product\/vibrador-de-impacto\/"},"modified":"2025-05-07T21:43:45","modified_gmt":"2025-05-07T16:13:45","slug":"vibrador-de-impacto","status":"publish","type":"product","link":"https:\/\/saideeponline.com\/es\/product\/vibrador-de-impacto\/","title":{"rendered":"Vibrador de Impacto"},"content":{"rendered":"","protected":false},"excerpt":{"rendered":"<p>El <strong>vibrador electromagn\u00e9tico de impacto<\/strong> consta de un cuerpo principal que aloja la bobina. La bobina se alimenta con corriente pulsante que genera la vibraci\u00f3n. La amplitud de la vibraci\u00f3n se puede controlar ajustando el voltaje de entrada. Estos vibradores son f\u00e1ciles de instalar y usar, y no requieren mantenimiento. La intensidad de la vibraci\u00f3n puede variar, si es necesario, mediante la integraci\u00f3n de un regulador en el panel de control.    <\/p>\n<p>Ideal para desatascar tolvas y canaletas. Se utiliza para facilitar el transporte de productos que normalmente no se desplazar\u00edan en pendientes.<\/p>\n","protected":false},"featured_media":854,"template":"","meta":{"_acf_changed":false,"_uag_custom_page_level_css":"","site-sidebar-layout":"default","site-content-layout":"","ast-site-content-layout":"default","site-content-style":"default","site-sidebar-style":"default","ast-global-header-display":"","ast-banner-title-visibility":"","ast-main-header-display":"","ast-hfb-above-header-display":"","ast-hfb-below-header-display":"","ast-hfb-mobile-header-display":"","site-post-title":"","ast-breadcrumbs-content":"","ast-featured-img":"","footer-sml-layout":"","ast-disable-related-posts":"","theme-transparent-header-meta":"default","adv-header-id-meta":"","stick-header-meta":"","header-above-stick-meta":"","header-main-stick-meta":"","header-below-stick-meta":"","astra-migrate-meta-layouts":"default","ast-page-background-enabled":"default","ast-page-background-meta":{"desktop":{"background-color":"var(--ast-global-color-5)","background-image":"","background-repeat":"repeat","background-position":"center center","background-size":"auto","background-attachment":"scroll","background-type":"","background-media":"","overlay-type":"","overlay-color":"","overlay-opacity":"","overlay-gradient":""},"tablet":{"background-color":"","background-image":"","background-repeat":"repeat","background-position":"center center","background-size":"auto","background-attachment":"scroll","background-type":"","background-media":"","overlay-type":"","overlay-color":"","overlay-opacity":"","overlay-gradient":""},"mobile":{"background-color":"","background-image":"","background-repeat":"repeat","background-position":"center center","background-size":"auto","background-attachment":"scroll","background-type":"","background-media":"","overlay-type":"","overlay-color":"","overlay-opacity":"","overlay-gradient":""}},"ast-content-background-meta":{"desktop":{"background-color":"var(--ast-global-color-4)","background-image":"","background-repeat":"repeat","background-position":"center center","background-size":"auto","background-attachment":"scroll","background-type":"","background-media":"","overlay-type":"","overlay-color":"","overlay-opacity":"","overlay-gradient":""},"tablet":{"background-color":"var(--ast-global-color-4)","background-image":"","background-repeat":"repeat","background-position":"center center","background-size":"auto","background-attachment":"scroll","background-type":"","background-media":"","overlay-type":"","overlay-color":"","overlay-opacity":"","overlay-gradient":""},"mobile":{"background-color":"var(--ast-global-color-4)","background-image":"","background-repeat":"repeat","background-position":"center center","background-size":"auto","background-attachment":"scroll","background-type":"","background-media":"","overlay-type":"","overlay-color":"","overlay-opacity":"","overlay-gradient":""}}},"product_brand":[],"product_cat":[594],"product_tag":[597,595,598,596],"class_list":{"0":"post-1785","1":"product","2":"type-product","3":"status-publish","4":"has-post-thumbnail","6":"product_cat-equipos-electromagneticos","7":"product_tag-vibrador-de-impacto-2","8":"product_tag-vibrador-electromagnetico","9":"product_tag-vibrador-para-silos","10":"product_tag-vibrador-para-tolvas","11":"desktop-align-left","12":"tablet-align-left","13":"mobile-align-left","15":"first","16":"instock","17":"shipping-taxable","18":"product-type-simple"},"acf":[],"uagb_featured_image_src":{"full":["https:\/\/saideeponline.com\/wp-content\/uploads\/2025\/08\/electromagnetic_impact_type_vibrator-scaled.png",2560,2560,false],"thumbnail":["https:\/\/saideeponline.com\/wp-content\/uploads\/2025\/08\/electromagnetic_impact_type_vibrator-150x150.png",150,150,true],"medium":["https:\/\/saideeponline.com\/wp-content\/uploads\/2025\/08\/electromagnetic_impact_type_vibrator-300x300.png",300,300,true],"medium_large":["https:\/\/saideeponline.com\/wp-content\/uploads\/2025\/08\/electromagnetic_impact_type_vibrator-768x768.png",768,768,true],"large":["https:\/\/saideeponline.com\/wp-content\/uploads\/2025\/08\/electromagnetic_impact_type_vibrator-1024x1024.png",1024,1024,true],"1536x1536":["https:\/\/saideeponline.com\/wp-content\/uploads\/2025\/08\/electromagnetic_impact_type_vibrator-1536x1536.png",1536,1536,true],"2048x2048":["https:\/\/saideeponline.com\/wp-content\/uploads\/2025\/08\/electromagnetic_impact_type_vibrator-2048x2048.png",2048,2048,true],"woocommerce_thumbnail":["https:\/\/saideeponline.com\/wp-content\/uploads\/2025\/08\/electromagnetic_impact_type_vibrator-scaled-250x250.png",250,250,true],"woocommerce_single":["https:\/\/saideeponline.com\/wp-content\/uploads\/2025\/08\/electromagnetic_impact_type_vibrator-scaled-250x250.png",250,250,true],"woocommerce_gallery_thumbnail":["https:\/\/saideeponline.com\/wp-content\/uploads\/2025\/08\/electromagnetic_impact_type_vibrator-scaled-100x100.png",100,100,true]},"uagb_author_info":{"display_name":"lucentcg@gmail.com","author_link":"https:\/\/saideeponline.com\/es\/author\/"},"uagb_comment_info":0,"uagb_excerpt":"El vibrador electromagn\u00e9tico de impacto consta de un cuerpo principal que aloja la bobina. La bobina se alimenta con corriente pulsante que genera la vibraci\u00f3n. La amplitud de la vibraci\u00f3n se puede controlar ajustando el voltaje de entrada. Estos vibradores son f\u00e1ciles de instalar y usar, y no requieren mantenimiento. La intensidad de la vibraci\u00f3n&hellip;","_links":{"self":[{"href":"https:\/\/saideeponline.com\/es\/wp-json\/wp\/v2\/product\/1785","targetHints":{"allow":["GET"]}}],"collection":[{"href":"https:\/\/saideeponline.com\/es\/wp-json\/wp\/v2\/product"}],"about":[{"href":"https:\/\/saideeponline.com\/es\/wp-json\/wp\/v2\/types\/product"}],"wp:featuredmedia":[{"embeddable":true,"href":"https:\/\/saideeponline.com\/es\/wp-json\/wp\/v2\/media\/854"}],"wp:attachment":[{"href":"https:\/\/saideeponline.com\/es\/wp-json\/wp\/v2\/media?parent=1785"}],"wp:term":[{"taxonomy":"product_brand","embeddable":true,"href":"https:\/\/saideeponline.com\/es\/wp-json\/wp\/v2\/product_brand?post=1785"},{"taxonomy":"product_cat","embeddable":true,"href":"https:\/\/saideeponline.com\/es\/wp-json\/wp\/v2\/product_cat?post=1785"},{"taxonomy":"product_tag","embeddable":true,"href":"https:\/\/saideeponline.com\/es\/wp-json\/wp\/v2\/product_tag?post=1785"}],"curies":[{"name":"wp","href":"https:\/\/api.w.org\/{rel}","templated":true}]}}