{"id":1783,"date":"2025-05-07T21:09:12","date_gmt":"2025-05-07T15:39:12","guid":{"rendered":"https:\/\/saideeponline.com\/product\/vibradores-neumaticos\/"},"modified":"2025-05-07T21:09:12","modified_gmt":"2025-05-07T15:39:12","slug":"vibradores-neumaticos","status":"publish","type":"product","link":"https:\/\/saideeponline.com\/es\/product\/vibradores-neumaticos\/","title":{"rendered":"Vibradores Neum\u00e1ticos"},"content":{"rendered":"<p>Debido a sus caracter\u00edsticas, muchos polvos en el interior de silos, tolvas, canaletas, tuber\u00edas, tanques o cualquier otro contenedor tienden a adherirse a la superficie.<br \/>Cualquier peque\u00f1o cambio en la apertura de descarga, una superficie rugosa, los codos de las tuber\u00edas, los \u00e1ngulos de baja inclinaci\u00f3n, la forma del contenedor, as\u00ed como la forma de las part\u00edculas del material manipulado, pueden ralentizar el flujo del producto, generando as\u00ed mermas y desperdicios.<br \/>\nLos <strong>Vibradores Neum\u00e1ticos SAIDEEP<\/strong> est\u00e1n dise\u00f1ados para resolver problemas causados por errores de dise\u00f1o o por las caracter\u00edsticas del polvo o los gr\u00e1nulos manipulados. Adem\u00e1s, aumentan la eficiencia del proceso y mejoran la seguridad de la planta. <\/p>\n<p>&nbsp;<\/p>\n<h3>Aplicaciones<\/h3>\n<ul type=\"circle\">\n<li>Silos<\/li>\n<li>Tolvas<\/li>\n<li>Alimentadores Vibratorios<\/li>\n<li>Cribas<\/li>\n<li>Toboganes y Canaletas<\/li>\n<li>Tuber\u00edas<\/li>\n<li>Trilladoras<\/li>\n<li>Camiones Volquete<\/li>\n<\/ul>\n","protected":false},"excerpt":{"rendered":"<p><strong>SAIDEEP VIBRATORS PRIVATE LIMITED<\/strong> fabrica <strong>Vibradores Neum\u00e1ticos<\/strong> de diversos tipos y modelos, tales como:<\/p>\n<ul>\n<li>Vibrador Neum\u00e1tico Tipo Bola<\/li>\n<li>Vibrador Neum\u00e1tico Tipo Turbina<\/li>\n<li>Vibrador Neum\u00e1tico Tipo Pist\u00f3n<\/li>\n<li>Vibrador Neum\u00e1tico de Impacto<\/li>\n<li>Vibradores Neum\u00e1ticos Amortiguados<\/li>\n<li>Vibrador Neum\u00e1tico Tipo Martillo<\/li>\n<li>Vibrador Neum\u00e1tico Tipo Rodillo<\/li>\n<li>Percutor Neum\u00e1tico de Aire<\/li>\n<li>Vibrador Neum\u00e1tico Lineal (con masa ajustable)<\/li>\n<\/ul>\n","protected":false},"featured_media":859,"template":"","meta":{"_acf_changed":false,"_uag_custom_page_level_css":"","site-sidebar-layout":"default","site-content-layout":"","ast-site-content-layout":"default","site-content-style":"default","site-sidebar-style":"default","ast-global-header-display":"","ast-banner-title-visibility":"","ast-main-header-display":"","ast-hfb-above-header-display":"","ast-hfb-below-header-display":"","ast-hfb-mobile-header-display":"","site-post-title":"","ast-breadcrumbs-content":"","ast-featured-img":"","footer-sml-layout":"","ast-disable-related-posts":"","theme-transparent-header-meta":"default","adv-header-id-meta":"","stick-header-meta":"","header-above-stick-meta":"","header-main-stick-meta":"","header-below-stick-meta":"","astra-migrate-meta-layouts":"default","ast-page-background-enabled":"default","ast-page-background-meta":{"desktop":{"background-color":"var(--ast-global-color-5)","background-image":"","background-repeat":"repeat","background-position":"center center","background-size":"auto","background-attachment":"scroll","background-type":"","background-media":"","overlay-type":"","overlay-color":"","overlay-opacity":"","overlay-gradient":""},"tablet":{"background-color":"","background-image":"","background-repeat":"repeat","background-position":"center center","background-size":"auto","background-attachment":"scroll","background-type":"","background-media":"","overlay-type":"","overlay-color":"","overlay-opacity":"","overlay-gradient":""},"mobile":{"background-color":"","background-image":"","background-repeat":"repeat","background-position":"center center","background-size":"auto","background-attachment":"scroll","background-type":"","background-media":"","overlay-type":"","overlay-color":"","overlay-opacity":"","overlay-gradient":""}},"ast-content-background-meta":{"desktop":{"background-color":"var(--ast-global-color-4)","background-image":"","background-repeat":"repeat","background-position":"center center","background-size":"auto","background-attachment":"scroll","background-type":"","background-media":"","overlay-type":"","overlay-color":"","overlay-opacity":"","overlay-gradient":""},"tablet":{"background-color":"var(--ast-global-color-4)","background-image":"","background-repeat":"repeat","background-position":"center center","background-size":"auto","background-attachment":"scroll","background-type":"","background-media":"","overlay-type":"","overlay-color":"","overlay-opacity":"","overlay-gradient":""},"mobile":{"background-color":"var(--ast-global-color-4)","background-image":"","background-repeat":"repeat","background-position":"center center","background-size":"auto","background-attachment":"scroll","background-type":"","background-media":"","overlay-type":"","overlay-color":"","overlay-opacity":"","overlay-gradient":""}}},"product_brand":[],"product_cat":[580],"product_tag":[586,588,589,590,587,591,592,593],"class_list":{"0":"post-1783","1":"product","2":"type-product","3":"status-publish","4":"has-post-thumbnail","6":"product_cat-equipos-vibratorios","7":"product_tag-martillo-neumatico","8":"product_tag-promotores-de-flujo","9":"product_tag-vibrador-de-impacto","10":"product_tag-vibrador-de-piston","11":"product_tag-vibrador-neumatico","12":"product_tag-vibrador-neumatico-de-bola","13":"product_tag-vibrador-neumatico-de-rodillo","14":"product_tag-vibrador-neumatico-de-turbina","15":"desktop-align-left","16":"tablet-align-left","17":"mobile-align-left","19":"first","20":"instock","21":"shipping-taxable","22":"product-type-simple"},"acf":[],"uagb_featured_image_src":{"full":["https:\/\/saideeponline.com\/wp-content\/uploads\/2025\/08\/pneumatic_vibrators-scaled.png",2560,2560,false],"thumbnail":["https:\/\/saideeponline.com\/wp-content\/uploads\/2025\/08\/pneumatic_vibrators-150x150.png",150,150,true],"medium":["https:\/\/saideeponline.com\/wp-content\/uploads\/2025\/08\/pneumatic_vibrators-300x300.png",300,300,true],"medium_large":["https:\/\/saideeponline.com\/wp-content\/uploads\/2025\/08\/pneumatic_vibrators-768x768.png",768,768,true],"large":["https:\/\/saideeponline.com\/wp-content\/uploads\/2025\/08\/pneumatic_vibrators-1024x1024.png",1024,1024,true],"1536x1536":["https:\/\/saideeponline.com\/wp-content\/uploads\/2025\/08\/pneumatic_vibrators-1536x1536.png",1536,1536,true],"2048x2048":["https:\/\/saideeponline.com\/wp-content\/uploads\/2025\/08\/pneumatic_vibrators-2048x2048.png",2048,2048,true],"woocommerce_thumbnail":["https:\/\/saideeponline.com\/wp-content\/uploads\/2025\/08\/pneumatic_vibrators-scaled-250x250.png",250,250,true],"woocommerce_single":["https:\/\/saideeponline.com\/wp-content\/uploads\/2025\/08\/pneumatic_vibrators-scaled-250x250.png",250,250,true],"woocommerce_gallery_thumbnail":["https:\/\/saideeponline.com\/wp-content\/uploads\/2025\/08\/pneumatic_vibrators-scaled-100x100.png",100,100,true]},"uagb_author_info":{"display_name":"lucentcg@gmail.com","author_link":"https:\/\/saideeponline.com\/es\/author\/"},"uagb_comment_info":0,"uagb_excerpt":"SAIDEEP VIBRATORS PRIVATE LIMITED fabrica Vibradores Neum\u00e1ticos de diversos tipos y modelos, tales como: Vibrador Neum\u00e1tico Tipo Bola Vibrador Neum\u00e1tico Tipo Turbina Vibrador Neum\u00e1tico Tipo Pist\u00f3n Vibrador Neum\u00e1tico de Impacto Vibradores Neum\u00e1ticos Amortiguados Vibrador Neum\u00e1tico Tipo Martillo Vibrador Neum\u00e1tico Tipo Rodillo Percutor Neum\u00e1tico de Aire Vibrador Neum\u00e1tico Lineal (con masa ajustable)","_links":{"self":[{"href":"https:\/\/saideeponline.com\/es\/wp-json\/wp\/v2\/product\/1783","targetHints":{"allow":["GET"]}}],"collection":[{"href":"https:\/\/saideeponline.com\/es\/wp-json\/wp\/v2\/product"}],"about":[{"href":"https:\/\/saideeponline.com\/es\/wp-json\/wp\/v2\/types\/product"}],"wp:featuredmedia":[{"embeddable":true,"href":"https:\/\/saideeponline.com\/es\/wp-json\/wp\/v2\/media\/859"}],"wp:attachment":[{"href":"https:\/\/saideeponline.com\/es\/wp-json\/wp\/v2\/media?parent=1783"}],"wp:term":[{"taxonomy":"product_brand","embeddable":true,"href":"https:\/\/saideeponline.com\/es\/wp-json\/wp\/v2\/product_brand?post=1783"},{"taxonomy":"product_cat","embeddable":true,"href":"https:\/\/saideeponline.com\/es\/wp-json\/wp\/v2\/product_cat?post=1783"},{"taxonomy":"product_tag","embeddable":true,"href":"https:\/\/saideeponline.com\/es\/wp-json\/wp\/v2\/product_tag?post=1783"}],"curies":[{"name":"wp","href":"https:\/\/api.w.org\/{rel}","templated":true}]}}