{"id":1781,"date":"2025-05-07T20:57:03","date_gmt":"2025-05-07T15:27:03","guid":{"rendered":"https:\/\/saideeponline.com\/product\/criba-oscilante\/"},"modified":"2025-05-07T20:57:03","modified_gmt":"2025-05-07T15:27:03","slug":"criba-oscilante","status":"publish","type":"product","link":"https:\/\/saideeponline.com\/es\/product\/criba-oscilante\/","title":{"rendered":"Criba Oscilante"},"content":{"rendered":"<p><iframe loading=\"lazy\" width=\"560\" height=\"315\" src=\"https:\/\/www.youtube-nocookie.com\/embed\/FotVNQ24Q7A?si=SDx-e5tiWH_OBG6f\" title=\"Reproductor de video de YouTube\" frameborder=\"0\" allow=\"accelerometer; autoplay; clipboard-write; encrypted-media; gyroscope; picture-in-picture; web-share\" referrerpolicy=\"strict-origin-when-cross-origin\" allowfullscreen=\"\"><\/iframe><\/p>\n<p>\u2013 Eficiencia extremadamente alta, incluso con productos de baja densidad aparente.<br \/>\n\u2013 Se pueden incorporar m\u00faltiples mallas para obtener diversas granulometr\u00edas.<br \/>\n\u2013 Sistema de sujeci\u00f3n r\u00e1pida para minimizar el tiempo de cambio de formato.<br \/>\n\u2013 Sistemas anti-colmataci\u00f3n opcionales, tales como bandejas de bolas, bandejas de tubos de poliuretano (PU) resistentes al desgaste y sistemas ultras\u00f3nicos.<br \/>\n\u2013 Bajo nivel de ruido durante su funcionamiento.<br \/>\n\u2013 Las mallas son intercambiables con nuestras zarandas vibratorias (Vibro Screens) existentes.<br \/>\n\u2013 Equipada con una base de m\u00e1quina piramidal pesada para una mayor estabilidad.<\/p>\n","protected":false},"excerpt":{"rendered":"<p align=\"justify\">La <strong>criba oscilante<\/strong> es un equipo de tamizado \u00fanico, capaz de clasificar polvos de alta y baja densidad aparente con una eficiencia extremadamente alta. Permite clasificar o separar materiales en m\u00faltiples fracciones seg\u00fan se desee o en funci\u00f3n de la aplicaci\u00f3n. <\/p>\n<p align=\"justify\">Los polvos o gr\u00e1nulos se alimentan continuamente en el centro de la malla, y el movimiento el\u00edptico triplanar de la criba ayuda a distribuir el material de manera uniforme. Debido a este movimiento, todos los finos atraviesan el tamiz, mientras que el material m\u00e1s grueso se desplaza hacia la circunferencia de las cubiertas. <\/p>\n<p align=\"justify\">El sistema de ajuste de contrapesos tridimensional (3D) permite a los usuarios configurar la intensidad del movimiento del tamiz, y todo el sistema es impulsado mediante un motor el\u00e9ctrico y correas en V conectadas al eje. Las cribas oscilantes est\u00e1n disponibles en di\u00e1metros de 36 y 48 pulgadas, con opciones de materiales de fabricaci\u00f3n (MOC) en acero al carbono (MS) o acero inoxidable (SS 304 \/ SS 316L). <\/p>\n","protected":false},"featured_media":836,"template":"","meta":{"_acf_changed":false,"_uag_custom_page_level_css":"","site-sidebar-layout":"default","site-content-layout":"","ast-site-content-layout":"default","site-content-style":"default","site-sidebar-style":"default","ast-global-header-display":"","ast-banner-title-visibility":"","ast-main-header-display":"","ast-hfb-above-header-display":"","ast-hfb-below-header-display":"","ast-hfb-mobile-header-display":"","site-post-title":"","ast-breadcrumbs-content":"","ast-featured-img":"","footer-sml-layout":"","ast-disable-related-posts":"","theme-transparent-header-meta":"default","adv-header-id-meta":"","stick-header-meta":"","header-above-stick-meta":"","header-main-stick-meta":"","header-below-stick-meta":"","astra-migrate-meta-layouts":"default","ast-page-background-enabled":"default","ast-page-background-meta":{"desktop":{"background-color":"var(--ast-global-color-5)","background-image":"","background-repeat":"repeat","background-position":"center center","background-size":"auto","background-attachment":"scroll","background-type":"","background-media":"","overlay-type":"","overlay-color":"","overlay-opacity":"","overlay-gradient":""},"tablet":{"background-color":"","background-image":"","background-repeat":"repeat","background-position":"center center","background-size":"auto","background-attachment":"scroll","background-type":"","background-media":"","overlay-type":"","overlay-color":"","overlay-opacity":"","overlay-gradient":""},"mobile":{"background-color":"","background-image":"","background-repeat":"repeat","background-position":"center center","background-size":"auto","background-attachment":"scroll","background-type":"","background-media":"","overlay-type":"","overlay-color":"","overlay-opacity":"","overlay-gradient":""}},"ast-content-background-meta":{"desktop":{"background-color":"var(--ast-global-color-4)","background-image":"","background-repeat":"repeat","background-position":"center center","background-size":"auto","background-attachment":"scroll","background-type":"","background-media":"","overlay-type":"","overlay-color":"","overlay-opacity":"","overlay-gradient":""},"tablet":{"background-color":"var(--ast-global-color-4)","background-image":"","background-repeat":"repeat","background-position":"center center","background-size":"auto","background-attachment":"scroll","background-type":"","background-media":"","overlay-type":"","overlay-color":"","overlay-opacity":"","overlay-gradient":""},"mobile":{"background-color":"var(--ast-global-color-4)","background-image":"","background-repeat":"repeat","background-position":"center center","background-size":"auto","background-attachment":"scroll","background-type":"","background-media":"","overlay-type":"","overlay-color":"","overlay-opacity":"","overlay-gradient":""}}},"product_brand":[],"product_cat":[580],"product_tag":[585],"class_list":{"0":"post-1781","1":"product","2":"type-product","3":"status-publish","4":"has-post-thumbnail","6":"product_cat-equipos-vibratorios","7":"product_tag-criba-oscilante","8":"desktop-align-left","9":"tablet-align-left","10":"mobile-align-left","12":"first","13":"instock","14":"shipping-taxable","15":"product-type-simple"},"acf":[],"uagb_featured_image_src":{"full":["https:\/\/saideeponline.com\/wp-content\/uploads\/2025\/08\/tumbler_screen-scaled.webp",2560,2560,false],"thumbnail":["https:\/\/saideeponline.com\/wp-content\/uploads\/2025\/08\/tumbler_screen-150x150.webp",150,150,true],"medium":["https:\/\/saideeponline.com\/wp-content\/uploads\/2025\/08\/tumbler_screen-300x300.webp",300,300,true],"medium_large":["https:\/\/saideeponline.com\/wp-content\/uploads\/2025\/08\/tumbler_screen-768x768.webp",768,768,true],"large":["https:\/\/saideeponline.com\/wp-content\/uploads\/2025\/08\/tumbler_screen-1024x1024.webp",1024,1024,true],"1536x1536":["https:\/\/saideeponline.com\/wp-content\/uploads\/2025\/08\/tumbler_screen-1536x1536.webp",1536,1536,true],"2048x2048":["https:\/\/saideeponline.com\/wp-content\/uploads\/2025\/08\/tumbler_screen-2048x2048.webp",2048,2048,true],"woocommerce_thumbnail":["https:\/\/saideeponline.com\/wp-content\/uploads\/2025\/08\/tumbler_screen-scaled-250x250.webp",250,250,true],"woocommerce_single":["https:\/\/saideeponline.com\/wp-content\/uploads\/2025\/08\/tumbler_screen-scaled-250x250.webp",250,250,true],"woocommerce_gallery_thumbnail":["https:\/\/saideeponline.com\/wp-content\/uploads\/2025\/08\/tumbler_screen-scaled-100x100.webp",100,100,true]},"uagb_author_info":{"display_name":"lucentcg@gmail.com","author_link":"https:\/\/saideeponline.com\/es\/author\/"},"uagb_comment_info":0,"uagb_excerpt":"La criba oscilante es un equipo de tamizado \u00fanico, capaz de clasificar polvos de alta y baja densidad aparente con una eficiencia extremadamente alta. Permite clasificar o separar materiales en m\u00faltiples fracciones seg\u00fan se desee o en funci\u00f3n de la aplicaci\u00f3n. Los polvos o gr\u00e1nulos se alimentan continuamente en el centro de la malla, y&hellip;","_links":{"self":[{"href":"https:\/\/saideeponline.com\/es\/wp-json\/wp\/v2\/product\/1781","targetHints":{"allow":["GET"]}}],"collection":[{"href":"https:\/\/saideeponline.com\/es\/wp-json\/wp\/v2\/product"}],"about":[{"href":"https:\/\/saideeponline.com\/es\/wp-json\/wp\/v2\/types\/product"}],"wp:featuredmedia":[{"embeddable":true,"href":"https:\/\/saideeponline.com\/es\/wp-json\/wp\/v2\/media\/836"}],"wp:attachment":[{"href":"https:\/\/saideeponline.com\/es\/wp-json\/wp\/v2\/media?parent=1781"}],"wp:term":[{"taxonomy":"product_brand","embeddable":true,"href":"https:\/\/saideeponline.com\/es\/wp-json\/wp\/v2\/product_brand?post=1781"},{"taxonomy":"product_cat","embeddable":true,"href":"https:\/\/saideeponline.com\/es\/wp-json\/wp\/v2\/product_cat?post=1781"},{"taxonomy":"product_tag","embeddable":true,"href":"https:\/\/saideeponline.com\/es\/wp-json\/wp\/v2\/product_tag?post=1781"}],"curies":[{"name":"wp","href":"https:\/\/api.w.org\/{rel}","templated":true}]}}