{"id":1777,"date":"2025-09-01T02:43:57","date_gmt":"2025-08-31T21:13:57","guid":{"rendered":"https:\/\/saideeponline.com\/product\/filtro-magnetico-para-tuberias\/"},"modified":"2025-09-01T02:43:57","modified_gmt":"2025-08-31T21:13:57","slug":"filtro-magnetico-para-tuberias","status":"publish","type":"product","link":"https:\/\/saideeponline.com\/es\/product\/filtro-magnetico-para-tuberias\/","title":{"rendered":"Filtro Magn\u00e9tico para Tuber\u00edas"},"content":{"rendered":"<p>Los imanes de tuber\u00eda en l\u00ednea est\u00e1n fabricados con carcasas de acero inoxidable y est\u00e1n dise\u00f1ados para operar en l\u00edneas presurizadas. Dicho separador magn\u00e9tico puede instalarse en cualquier posici\u00f3n dentro de una tuber\u00eda y debe limpiarse manualmente en intervalos peri\u00f3dicos. <\/p>\n<p>&nbsp;<\/p>\n","protected":false},"excerpt":{"rendered":"<p>Los imanes de tuber\u00eda en l\u00ednea se utilizan en l\u00edneas de l\u00edquidos donde es necesario detener la contaminaci\u00f3n ferrosa fina. Estos imanes para l\u00edneas de l\u00edquidos pueden instalarse en tuber\u00edas nuevas o existentes mediante conectores bridados o abrazaderas TC (Tri-Clamp). Estos imanes de alta potencia tienen la capacidad de retener fuertemente la contaminaci\u00f3n de hierro bajo una presi\u00f3n de l\u00ednea constante.  <\/p>\n<p>La selecci\u00f3n de los imanes de tuber\u00eda en l\u00ednea se realiza en funci\u00f3n de la viscosidad del l\u00edquido (Fluido y filtrado | Fibroso y pulposo | Denso y de alta viscosidad).<\/p>\n","protected":false},"featured_media":1238,"template":"","meta":{"_acf_changed":false,"_uag_custom_page_level_css":"","site-sidebar-layout":"default","site-content-layout":"","ast-site-content-layout":"default","site-content-style":"default","site-sidebar-style":"default","ast-global-header-display":"","ast-banner-title-visibility":"","ast-main-header-display":"","ast-hfb-above-header-display":"","ast-hfb-below-header-display":"","ast-hfb-mobile-header-display":"","site-post-title":"","ast-breadcrumbs-content":"","ast-featured-img":"","footer-sml-layout":"","ast-disable-related-posts":"","theme-transparent-header-meta":"default","adv-header-id-meta":"","stick-header-meta":"","header-above-stick-meta":"","header-main-stick-meta":"","header-below-stick-meta":"","astra-migrate-meta-layouts":"default","ast-page-background-enabled":"default","ast-page-background-meta":{"desktop":{"background-color":"var(--ast-global-color-5)","background-image":"","background-repeat":"repeat","background-position":"center center","background-size":"auto","background-attachment":"scroll","background-type":"","background-media":"","overlay-type":"","overlay-color":"","overlay-opacity":"","overlay-gradient":""},"tablet":{"background-color":"","background-image":"","background-repeat":"repeat","background-position":"center center","background-size":"auto","background-attachment":"scroll","background-type":"","background-media":"","overlay-type":"","overlay-color":"","overlay-opacity":"","overlay-gradient":""},"mobile":{"background-color":"","background-image":"","background-repeat":"repeat","background-position":"center center","background-size":"auto","background-attachment":"scroll","background-type":"","background-media":"","overlay-type":"","overlay-color":"","overlay-opacity":"","overlay-gradient":""}},"ast-content-background-meta":{"desktop":{"background-color":"var(--ast-global-color-4)","background-image":"","background-repeat":"repeat","background-position":"center center","background-size":"auto","background-attachment":"scroll","background-type":"","background-media":"","overlay-type":"","overlay-color":"","overlay-opacity":"","overlay-gradient":""},"tablet":{"background-color":"var(--ast-global-color-4)","background-image":"","background-repeat":"repeat","background-position":"center center","background-size":"auto","background-attachment":"scroll","background-type":"","background-media":"","overlay-type":"","overlay-color":"","overlay-opacity":"","overlay-gradient":""},"mobile":{"background-color":"var(--ast-global-color-4)","background-image":"","background-repeat":"repeat","background-position":"center center","background-size":"auto","background-attachment":"scroll","background-type":"","background-media":"","overlay-type":"","overlay-color":"","overlay-opacity":"","overlay-gradient":""}}},"product_brand":[],"product_cat":[582],"product_tag":[583,584],"class_list":{"0":"post-1777","1":"product","2":"type-product","3":"status-publish","4":"has-post-thumbnail","6":"product_cat-equipos-magneticos","7":"product_tag-iman-de-tuberia-en-linea","8":"product_tag-magnetic-liquid-line","9":"desktop-align-left","10":"tablet-align-left","11":"mobile-align-left","13":"first","14":"instock","15":"shipping-taxable","16":"product-type-simple"},"acf":[],"uagb_featured_image_src":{"full":["https:\/\/saideeponline.com\/wp-content\/uploads\/2025\/09\/trap_magnet-scaled.png",2560,2560,false],"thumbnail":["https:\/\/saideeponline.com\/wp-content\/uploads\/2025\/09\/trap_magnet-150x150.png",150,150,true],"medium":["https:\/\/saideeponline.com\/wp-content\/uploads\/2025\/09\/trap_magnet-300x300.png",300,300,true],"medium_large":["https:\/\/saideeponline.com\/wp-content\/uploads\/2025\/09\/trap_magnet-768x768.png",768,768,true],"large":["https:\/\/saideeponline.com\/wp-content\/uploads\/2025\/09\/trap_magnet-1024x1024.png",1024,1024,true],"1536x1536":["https:\/\/saideeponline.com\/wp-content\/uploads\/2025\/09\/trap_magnet-1536x1536.png",1536,1536,true],"2048x2048":["https:\/\/saideeponline.com\/wp-content\/uploads\/2025\/09\/trap_magnet-2048x2048.png",2048,2048,true],"woocommerce_thumbnail":["https:\/\/saideeponline.com\/wp-content\/uploads\/2025\/09\/trap_magnet-scaled-250x250.png",250,250,true],"woocommerce_single":["https:\/\/saideeponline.com\/wp-content\/uploads\/2025\/09\/trap_magnet-scaled-250x250.png",250,250,true],"woocommerce_gallery_thumbnail":["https:\/\/saideeponline.com\/wp-content\/uploads\/2025\/09\/trap_magnet-scaled-100x100.png",100,100,true]},"uagb_author_info":{"display_name":"lucentcg@gmail.com","author_link":"https:\/\/saideeponline.com\/es\/author\/"},"uagb_comment_info":0,"uagb_excerpt":"Los imanes de tuber\u00eda en l\u00ednea se utilizan en l\u00edneas de l\u00edquidos donde es necesario detener la contaminaci\u00f3n ferrosa fina. Estos imanes para l\u00edneas de l\u00edquidos pueden instalarse en tuber\u00edas nuevas o existentes mediante conectores bridados o abrazaderas TC (Tri-Clamp). Estos imanes de alta potencia tienen la capacidad de retener fuertemente la contaminaci\u00f3n de hierro&hellip;","_links":{"self":[{"href":"https:\/\/saideeponline.com\/es\/wp-json\/wp\/v2\/product\/1777","targetHints":{"allow":["GET"]}}],"collection":[{"href":"https:\/\/saideeponline.com\/es\/wp-json\/wp\/v2\/product"}],"about":[{"href":"https:\/\/saideeponline.com\/es\/wp-json\/wp\/v2\/types\/product"}],"wp:featuredmedia":[{"embeddable":true,"href":"https:\/\/saideeponline.com\/es\/wp-json\/wp\/v2\/media\/1238"}],"wp:attachment":[{"href":"https:\/\/saideeponline.com\/es\/wp-json\/wp\/v2\/media?parent=1777"}],"wp:term":[{"taxonomy":"product_brand","embeddable":true,"href":"https:\/\/saideeponline.com\/es\/wp-json\/wp\/v2\/product_brand?post=1777"},{"taxonomy":"product_cat","embeddable":true,"href":"https:\/\/saideeponline.com\/es\/wp-json\/wp\/v2\/product_cat?post=1777"},{"taxonomy":"product_tag","embeddable":true,"href":"https:\/\/saideeponline.com\/es\/wp-json\/wp\/v2\/product_tag?post=1777"}],"curies":[{"name":"wp","href":"https:\/\/api.w.org\/{rel}","templated":true}]}}